{"id":6732,"date":"2025-10-28T09:28:43","date_gmt":"2025-10-28T08:28:43","guid":{"rendered":"https:\/\/todocarritos.com\/triciclo-de-carga-clamberbikes-crb-11-nao-eletrico"},"modified":"2025-10-28T09:28:43","modified_gmt":"2025-10-28T08:28:43","slug":"triciclo-de-carga-clamberbikes-crb-11-nao-eletrico","status":"publish","type":"product","link":"https:\/\/todocarritos.com\/pt\/triciclo-de-carga-clamberbikes-crb-11-nao-eletrico","title":{"rendered":"Triciclo de carga Clamberbikes CRB-11 (n\u00e3o el\u00e9trico)"},"content":{"rendered":"","protected":false},"excerpt":{"rendered":"<p data-start=\"156\" data-end=\"461\">A Tricicleta de Carga Clamberbikes CRB-11 \u00e9 uma op\u00e7\u00e3o robusta e ecol\u00f3gica para o transporte de mercadorias em ambientes urbanos. Com a sua caixa fechada de madeira e estrutura met\u00e1lica resistente, permite uma condu\u00e7\u00e3o \u00e1gil e segura sem emiss\u00f5es. Ideal para neg\u00f3cios sustent\u00e1veis, food-bikes e entregas urbanas.  <\/p>\n","protected":false},"featured_media":6723,"comment_status":"open","ping_status":"closed","template":"","meta":{"_acf_changed":false},"product_brand":[],"product_cat":[460],"class_list":{"0":"post-6732","1":"product","2":"type-product","3":"status-publish","4":"has-post-thumbnail","6":"product_cat-acessorios","8":"first","9":"onbackorder","10":"taxable","11":"shipping-taxable","12":"product-type-simple"},"acf":[],"_links":{"self":[{"href":"https:\/\/todocarritos.com\/pt\/wp-json\/wp\/v2\/product\/6732","targetHints":{"allow":["GET"]}}],"collection":[{"href":"https:\/\/todocarritos.com\/pt\/wp-json\/wp\/v2\/product"}],"about":[{"href":"https:\/\/todocarritos.com\/pt\/wp-json\/wp\/v2\/types\/product"}],"replies":[{"embeddable":true,"href":"https:\/\/todocarritos.com\/pt\/wp-json\/wp\/v2\/comments?post=6732"}],"wp:featuredmedia":[{"embeddable":true,"href":"https:\/\/todocarritos.com\/pt\/wp-json\/wp\/v2\/media\/6723"}],"wp:attachment":[{"href":"https:\/\/todocarritos.com\/pt\/wp-json\/wp\/v2\/media?parent=6732"}],"wp:term":[{"taxonomy":"product_brand","embeddable":true,"href":"https:\/\/todocarritos.com\/pt\/wp-json\/wp\/v2\/product_brand?post=6732"},{"taxonomy":"product_cat","embeddable":true,"href":"https:\/\/todocarritos.com\/pt\/wp-json\/wp\/v2\/product_cat?post=6732"}],"curies":[{"name":"wp","href":"https:\/\/api.w.org\/{rel}","templated":true}]}}