{"id":5688,"date":"2025-07-18T14:26:16","date_gmt":"2025-07-18T12:26:16","guid":{"rendered":"https:\/\/todocarritos.com\/carrinho-de-pipoca-profissional"},"modified":"2025-07-18T14:26:16","modified_gmt":"2025-07-18T12:26:16","slug":"carrinho-de-pipoca-profissional","status":"publish","type":"product","link":"https:\/\/todocarritos.com\/pt\/carrinho-de-pipoca-profissional","title":{"rendered":"Carrinho profissional para pipocas"},"content":{"rendered":"","protected":false},"excerpt":{"rendered":"<p><strong>Produ\u00e7\u00e3o r\u00e1pida, imagem impactante e sabor irresist\u00edvel<\/strong>. Este <em>carrinho de pipocas profissional<\/em>, em vermelho vibrante e constru\u00eddo principalmente em <strong>a\u00e7o inoxid\u00e1vel<\/strong>, produz at\u00e9 <strong>5\u00a0kg\/h<\/strong> (ciclos de 2\u00a0min) para fazer sucesso em <strong>casamentos, feiras, anivers\u00e1rios e eventos<\/strong>.<\/p>\n","protected":false},"featured_media":5689,"comment_status":"open","ping_status":"closed","template":"","meta":{"_acf_changed":false},"product_brand":[],"product_cat":[456,393,394,401,396,389,397,402,390],"class_list":{"0":"post-5688","1":"product","2":"type-product","3":"status-publish","4":"has-post-thumbnail","6":"product_cat-carrinho-de-pipoca","7":"product_cat-carrinhos-de-aniversario","8":"product_cat-carrinhos-de-casamento","9":"product_cat-carrinhos-de-comida","10":"product_cat-carrinhos-de-comunhao","11":"product_cat-carrinhos-de-feira","12":"product_cat-carrinhos-de-festa-para-criancas","13":"product_cat-carrinhos-de-salgados","14":"product_cat-carrinhos-para-eventos","16":"first","17":"instock","18":"sale","19":"taxable","20":"shipping-taxable","21":"product-type-simple"},"acf":[],"_links":{"self":[{"href":"https:\/\/todocarritos.com\/pt\/wp-json\/wp\/v2\/product\/5688","targetHints":{"allow":["GET"]}}],"collection":[{"href":"https:\/\/todocarritos.com\/pt\/wp-json\/wp\/v2\/product"}],"about":[{"href":"https:\/\/todocarritos.com\/pt\/wp-json\/wp\/v2\/types\/product"}],"replies":[{"embeddable":true,"href":"https:\/\/todocarritos.com\/pt\/wp-json\/wp\/v2\/comments?post=5688"}],"wp:featuredmedia":[{"embeddable":true,"href":"https:\/\/todocarritos.com\/pt\/wp-json\/wp\/v2\/media\/5689"}],"wp:attachment":[{"href":"https:\/\/todocarritos.com\/pt\/wp-json\/wp\/v2\/media?parent=5688"}],"wp:term":[{"taxonomy":"product_brand","embeddable":true,"href":"https:\/\/todocarritos.com\/pt\/wp-json\/wp\/v2\/product_brand?post=5688"},{"taxonomy":"product_cat","embeddable":true,"href":"https:\/\/todocarritos.com\/pt\/wp-json\/wp\/v2\/product_cat?post=5688"}],"curies":[{"name":"wp","href":"https:\/\/api.w.org\/{rel}","templated":true}]}}