{"id":5679,"date":"2025-07-18T14:34:02","date_gmt":"2025-07-18T12:34:02","guid":{"rendered":"https:\/\/todocarritos.com\/maquina-de-algodao-doce"},"modified":"2025-07-18T14:34:02","modified_gmt":"2025-07-18T12:34:02","slug":"maquina-de-algodao-doce","status":"publish","type":"product","link":"https:\/\/todocarritos.com\/pt\/maquina-de-algodao-doce","title":{"rendered":"M\u00e1quina de algod\u00e3o doce"},"content":{"rendered":"","protected":false},"excerpt":{"rendered":"\n<p><strong>Ado\u00e7a os teus eventos com um cl\u00e1ssico que nunca falha<\/strong>. M\u00e1quina profissional de algod\u00e3o doce com <strong>carrinho m\u00f3vel<\/strong> e <strong>c\u00fapula em metacrilato<\/strong>, fabricada em <strong>a\u00e7o inox pintado de cor-de-rosa<\/strong>. Produz algod\u00e3o doce at\u00e9 <strong>30&nbsp;cm<\/strong> em cerca de <strong>30&nbsp;segundos<\/strong>. <\/p>\n","protected":false},"featured_media":5680,"comment_status":"open","ping_status":"closed","template":"","meta":{"_acf_changed":false},"product_brand":[],"product_cat":[449,393,394,401,396,447,389,397,390],"class_list":{"0":"post-5679","1":"product","2":"type-product","3":"status-publish","4":"has-post-thumbnail","6":"product_cat-carrinho-de-algodao-doce","7":"product_cat-carrinhos-de-aniversario","8":"product_cat-carrinhos-de-casamento","9":"product_cat-carrinhos-de-comida","10":"product_cat-carrinhos-de-comunhao","11":"product_cat-carrinhos-de-doces","12":"product_cat-carrinhos-de-feira","13":"product_cat-carrinhos-de-festa-para-criancas","14":"product_cat-carrinhos-para-eventos","16":"first","17":"instock","18":"sale","19":"taxable","20":"shipping-taxable","21":"product-type-simple"},"acf":[],"_links":{"self":[{"href":"https:\/\/todocarritos.com\/pt\/wp-json\/wp\/v2\/product\/5679","targetHints":{"allow":["GET"]}}],"collection":[{"href":"https:\/\/todocarritos.com\/pt\/wp-json\/wp\/v2\/product"}],"about":[{"href":"https:\/\/todocarritos.com\/pt\/wp-json\/wp\/v2\/types\/product"}],"replies":[{"embeddable":true,"href":"https:\/\/todocarritos.com\/pt\/wp-json\/wp\/v2\/comments?post=5679"}],"wp:featuredmedia":[{"embeddable":true,"href":"https:\/\/todocarritos.com\/pt\/wp-json\/wp\/v2\/media\/5680"}],"wp:attachment":[{"href":"https:\/\/todocarritos.com\/pt\/wp-json\/wp\/v2\/media?parent=5679"}],"wp:term":[{"taxonomy":"product_brand","embeddable":true,"href":"https:\/\/todocarritos.com\/pt\/wp-json\/wp\/v2\/product_brand?post=5679"},{"taxonomy":"product_cat","embeddable":true,"href":"https:\/\/todocarritos.com\/pt\/wp-json\/wp\/v2\/product_cat?post=5679"}],"curies":[{"name":"wp","href":"https:\/\/api.w.org\/{rel}","templated":true}]}}