{"id":5669,"date":"2025-07-18T14:46:39","date_gmt":"2025-07-18T12:46:39","guid":{"rendered":"https:\/\/todocarritos.com\/maquina-de-pipocas"},"modified":"2025-09-29T10:07:39","modified_gmt":"2025-09-29T08:07:39","slug":"maquina-de-pipoca","status":"publish","type":"product","link":"https:\/\/todocarritos.com\/pt\/maquina-de-pipoca","title":{"rendered":"M\u00e1quina de Pipocas"},"content":{"rendered":"","protected":false},"excerpt":{"rendered":"<p><strong>Mais aroma, mais vendas e zero complica\u00e7\u00f5es<\/strong>. M\u00e1quina de pipocas de bancada em <strong>a\u00e7o inoxid\u00e1vel<\/strong> com acabamento <strong>lacado a vermelho<\/strong>, <strong>capacidade profissional de 5 kg\/h<\/strong> (ciclos de 2\u00a0minutos) \u2013 perfeita para carrinhos de doces, feiras e eventos.<\/p>\n","protected":false},"featured_media":5670,"comment_status":"open","ping_status":"closed","template":"","meta":{"_acf_changed":false},"product_brand":[],"product_cat":[460],"class_list":{"0":"post-5669","1":"product","2":"type-product","3":"status-publish","4":"has-post-thumbnail","6":"product_cat-acessorios","8":"first","9":"instock","10":"sale","11":"taxable","12":"shipping-taxable","13":"product-type-simple"},"acf":[],"_links":{"self":[{"href":"https:\/\/todocarritos.com\/pt\/wp-json\/wp\/v2\/product\/5669","targetHints":{"allow":["GET"]}}],"collection":[{"href":"https:\/\/todocarritos.com\/pt\/wp-json\/wp\/v2\/product"}],"about":[{"href":"https:\/\/todocarritos.com\/pt\/wp-json\/wp\/v2\/types\/product"}],"replies":[{"embeddable":true,"href":"https:\/\/todocarritos.com\/pt\/wp-json\/wp\/v2\/comments?post=5669"}],"wp:featuredmedia":[{"embeddable":true,"href":"https:\/\/todocarritos.com\/pt\/wp-json\/wp\/v2\/media\/5670"}],"wp:attachment":[{"href":"https:\/\/todocarritos.com\/pt\/wp-json\/wp\/v2\/media?parent=5669"}],"wp:term":[{"taxonomy":"product_brand","embeddable":true,"href":"https:\/\/todocarritos.com\/pt\/wp-json\/wp\/v2\/product_brand?post=5669"},{"taxonomy":"product_cat","embeddable":true,"href":"https:\/\/todocarritos.com\/pt\/wp-json\/wp\/v2\/product_cat?post=5669"}],"curies":[{"name":"wp","href":"https:\/\/api.w.org\/{rel}","templated":true}]}}