{"id":5662,"date":"2025-07-18T15:01:08","date_gmt":"2025-07-18T13:01:08","guid":{"rendered":"https:\/\/todocarritos.com\/frigorifico-porta-de-vidro-preto-de-80-l"},"modified":"2025-12-15T22:25:14","modified_gmt":"2025-12-15T21:25:14","slug":"frigorifico-porta-de-vidro-preto-de-80-l","status":"publish","type":"product","link":"https:\/\/todocarritos.com\/pt\/frigorifico-porta-de-vidro-preto-de-80-l","title":{"rendered":"Refrigerador Horeca Svan C\u00edclico Preto Manual E84 com Porta de Vidro"},"content":{"rendered":"","protected":false},"excerpt":{"rendered":"<p><strong>Refrigere mais, gaste menos e apresente melhor o seu produto<\/strong>. O refrigerador Svan E84 de <strong>80 L<\/strong> com <strong>porta de vidro<\/strong> \u00e9 ideal para <em>carrinhos de bebidas ou sumos<\/em>: 3 n\u00edveis de prateleiras em inox, <strong>baixo ru\u00eddo (41 dB)<\/strong> e <strong>efici\u00eancia A+\/E<\/strong> para um servi\u00e7o r\u00e1pido e rent\u00e1vel.<\/p>\n","protected":false},"featured_media":7366,"comment_status":"open","ping_status":"closed","template":"","meta":{"_acf_changed":false},"product_brand":[],"product_cat":[460],"class_list":{"0":"post-5662","1":"product","2":"type-product","3":"status-publish","4":"has-post-thumbnail","6":"product_cat-acessorios","8":"first","9":"outofstock","10":"taxable","11":"shipping-taxable","12":"product-type-simple"},"acf":[],"_links":{"self":[{"href":"https:\/\/todocarritos.com\/pt\/wp-json\/wp\/v2\/product\/5662","targetHints":{"allow":["GET"]}}],"collection":[{"href":"https:\/\/todocarritos.com\/pt\/wp-json\/wp\/v2\/product"}],"about":[{"href":"https:\/\/todocarritos.com\/pt\/wp-json\/wp\/v2\/types\/product"}],"replies":[{"embeddable":true,"href":"https:\/\/todocarritos.com\/pt\/wp-json\/wp\/v2\/comments?post=5662"}],"wp:featuredmedia":[{"embeddable":true,"href":"https:\/\/todocarritos.com\/pt\/wp-json\/wp\/v2\/media\/7366"}],"wp:attachment":[{"href":"https:\/\/todocarritos.com\/pt\/wp-json\/wp\/v2\/media?parent=5662"}],"wp:term":[{"taxonomy":"product_brand","embeddable":true,"href":"https:\/\/todocarritos.com\/pt\/wp-json\/wp\/v2\/product_brand?post=5662"},{"taxonomy":"product_cat","embeddable":true,"href":"https:\/\/todocarritos.com\/pt\/wp-json\/wp\/v2\/product_cat?post=5662"}],"curies":[{"name":"wp","href":"https:\/\/api.w.org\/{rel}","templated":true}]}}