{"id":5639,"date":"2025-07-18T15:23:06","date_gmt":"2025-07-18T13:23:06","guid":{"rendered":"https:\/\/todocarritos.com\/carrinho-promocional-essencial"},"modified":"2025-07-18T15:23:06","modified_gmt":"2025-07-18T13:23:06","slug":"carrinho-promocional-essencial","status":"publish","type":"product","link":"https:\/\/todocarritos.com\/pt\/carrinho-promocional-essencial","title":{"rendered":"Carrinho Promocional Essencial"},"content":{"rendered":"<h2 style=\"color: #00a49b;\">Carrinho Promocional Essential para Eventos<\/h2>\n<p style=\"margin-bottom: 15px;\">Apresente os seus produtos ou servi\u00e7os de forma elegante e eficaz com o nosso Carrinho Promocional Essential, ideal para feiras, congressos, casamentos, comunh\u00f5es ou como ponto de destaque nas instala\u00e7\u00f5es da sua empresa. Este carrinho foi projetado para chamar a aten\u00e7\u00e3o e ajudar a conquistar novos clientes em qualquer evento ou ponto de venda.<\/p>\n<h3 style=\"color: #00a49b;\">Utiliza\u00e7\u00e3o<\/h3>\n<p style=\"margin-bottom: 15px;\">Use o Carrinho Promocional Essential para destacar e apresentar os produtos ou servi\u00e7os da sua empresa em locais estrat\u00e9gicos, atraindo potenciais clientes com um investimento m\u00ednimo. A sua versatilidade torna-o perfeito para qualquer ocasi\u00e3o, desde eventos corporativos at\u00e9 celebra\u00e7\u00f5es privadas.<\/p>\n<h3 style=\"color: #00a49b;\">Caracter\u00edsticas e Dados T\u00e9cnicos<\/h3>\n<ul style=\"margin-top: 15px;\">\n<li><b>Estrutura<\/b>: Estrutura interna em a\u00e7o lacado a preto com revestimento em chapa branca.<\/li>\n<li><b>Toldo<\/b>: Dispon\u00edvel em dois modelos (ondulado ou reto) e em cores padr\u00e3o (branco, preto ou \u00e0s riscas).<\/li>\n<li><b>Rodas<\/b>: Rodas pneum\u00e1ticas de 12&#8243; e girat\u00f3rias para suporte e f\u00e1cil manobrabilidade.<\/li>\n<li><b>Personaliza\u00e7\u00e3o<\/b>: Possibilidade de personaliza\u00e7\u00e3o na parte frontal do carrinho.<\/li>\n<li><b>Dimens\u00f5es<\/b>: 110 cm de largura x 75 cm de altura, altura total de 2,20 m incluindo o toldo.<\/li>\n<\/ul>\n<p style=\"margin-bottom: 15px;\">O Carrinho Promocional Essential \u00e9 uma solu\u00e7\u00e3o pr\u00e1tica e atrativa para promover a sua marca e os seus produtos, garantindo uma presen\u00e7a marcante em qualquer lugar. Com a sua estrutura robusta, op\u00e7\u00f5es de personaliza\u00e7\u00e3o e facilidade de uso, \u00e9 a ferramenta de marketing m\u00f3vel perfeita para qualquer empresa que queira destacar-se.<\/p>\n","protected":false},"excerpt":{"rendered":"<p>Com o nosso <strong>Carrinho Promocional<\/strong> Essential, pode apresentar os produtos ou servi\u00e7os da sua empresa em qualquer evento. \u00c9 ideal para feiras, exposi\u00e7\u00f5es de produtos ou servi\u00e7os profissionais, congressos, casamentos, comunh\u00f5es ou simplesmente como elemento de destaque nas suas instala\u00e7\u00f5es para promover um produto ou servi\u00e7o espec\u00edfico.<\/p>\n","protected":false},"featured_media":5640,"comment_status":"open","ping_status":"closed","template":"","meta":{"_acf_changed":false},"product_brand":[],"product_cat":[398,458],"class_list":{"0":"post-5639","1":"product","2":"type-product","3":"status-publish","4":"has-post-thumbnail","6":"product_cat-carrinhos-de-negocios","7":"product_cat-carrinhos-para-promocoes","9":"first","10":"instock","11":"taxable","12":"shipping-taxable","13":"product-type-variable"},"acf":[],"_links":{"self":[{"href":"https:\/\/todocarritos.com\/pt\/wp-json\/wp\/v2\/product\/5639","targetHints":{"allow":["GET"]}}],"collection":[{"href":"https:\/\/todocarritos.com\/pt\/wp-json\/wp\/v2\/product"}],"about":[{"href":"https:\/\/todocarritos.com\/pt\/wp-json\/wp\/v2\/types\/product"}],"replies":[{"embeddable":true,"href":"https:\/\/todocarritos.com\/pt\/wp-json\/wp\/v2\/comments?post=5639"}],"wp:featuredmedia":[{"embeddable":true,"href":"https:\/\/todocarritos.com\/pt\/wp-json\/wp\/v2\/media\/5640"}],"wp:attachment":[{"href":"https:\/\/todocarritos.com\/pt\/wp-json\/wp\/v2\/media?parent=5639"}],"wp:term":[{"taxonomy":"product_brand","embeddable":true,"href":"https:\/\/todocarritos.com\/pt\/wp-json\/wp\/v2\/product_brand?post=5639"},{"taxonomy":"product_cat","embeddable":true,"href":"https:\/\/todocarritos.com\/pt\/wp-json\/wp\/v2\/product_cat?post=5639"}],"curies":[{"name":"wp","href":"https:\/\/api.w.org\/{rel}","templated":true}]}}