{"id":5630,"date":"2025-07-18T15:33:52","date_gmt":"2025-07-18T13:33:52","guid":{"rendered":"https:\/\/todocarritos.com\/banho-maria-eletrico-com-baldes-e-tampas"},"modified":"2025-07-18T15:33:52","modified_gmt":"2025-07-18T13:33:52","slug":"banho-maria-eletrico-com-baldes-e-tampas","status":"publish","type":"product","link":"https:\/\/todocarritos.com\/pt\/banho-maria-eletrico-com-baldes-e-tampas","title":{"rendered":"Banho-maria el\u00e9trico com cubas e tampas"},"content":{"rendered":"","protected":false},"excerpt":{"rendered":"<p><strong>Mantenha os alimentos \u00e0 temperatura de servi\u00e7o com total seguran\u00e7a<\/strong>. Este <em>banho-maria el\u00e9trico<\/em> com <strong>tr\u00eas cubas<\/strong> GN 1\/3 (3,8\u00a0 L cada) e <strong>tampas<\/strong> \u00e9 ideal para <em>carrinhos de comida<\/em> \u2014especialmente de cachorro-quente\u2014, catering e hotelaria m\u00f3vel.<\/p>\n","protected":false},"featured_media":7276,"comment_status":"open","ping_status":"closed","template":"","meta":{"_acf_changed":false},"product_brand":[],"product_cat":[460],"class_list":{"0":"post-5630","1":"product","2":"type-product","3":"status-publish","4":"has-post-thumbnail","6":"product_cat-acessorios","8":"first","9":"instock","10":"taxable","11":"shipping-taxable","12":"product-type-simple"},"acf":[],"_links":{"self":[{"href":"https:\/\/todocarritos.com\/pt\/wp-json\/wp\/v2\/product\/5630","targetHints":{"allow":["GET"]}}],"collection":[{"href":"https:\/\/todocarritos.com\/pt\/wp-json\/wp\/v2\/product"}],"about":[{"href":"https:\/\/todocarritos.com\/pt\/wp-json\/wp\/v2\/types\/product"}],"replies":[{"embeddable":true,"href":"https:\/\/todocarritos.com\/pt\/wp-json\/wp\/v2\/comments?post=5630"}],"wp:featuredmedia":[{"embeddable":true,"href":"https:\/\/todocarritos.com\/pt\/wp-json\/wp\/v2\/media\/7276"}],"wp:attachment":[{"href":"https:\/\/todocarritos.com\/pt\/wp-json\/wp\/v2\/media?parent=5630"}],"wp:term":[{"taxonomy":"product_brand","embeddable":true,"href":"https:\/\/todocarritos.com\/pt\/wp-json\/wp\/v2\/product_brand?post=5630"},{"taxonomy":"product_cat","embeddable":true,"href":"https:\/\/todocarritos.com\/pt\/wp-json\/wp\/v2\/product_cat?post=5630"}],"curies":[{"name":"wp","href":"https:\/\/api.w.org\/{rel}","templated":true}]}}