{"id":5580,"date":"2025-07-18T15:45:24","date_gmt":"2025-07-18T13:45:24","guid":{"rendered":"https:\/\/todocarritos.com\/carrinho-essencial-hotdog"},"modified":"2026-02-10T04:12:46","modified_gmt":"2026-02-10T03:12:46","slug":"carrinho-essencial-hotdog","status":"publish","type":"product","link":"https:\/\/todocarritos.com\/pt\/carrinho-essencial-hotdog","title":{"rendered":"Carrinho Essencial HotDog"},"content":{"rendered":"<h2 class=\"p1\" style=\"margin: 0px; font-size: 13px; line-height: normal; font-family: 'Helvetica Neue';\">CARACTER\u00cdSTICAS E ESPECIFICA\u00c7\u00d5ES DO CARRINHO DE CACHORRO-QUENTE ESSENTIAL<\/h2>\n<h3 class=\"p1\" style=\"margin: 0px; font-size: 13px; line-height: normal; font-family: 'Helvetica Neue';\">USO:<\/h3>\n<p class=\"p1\" style=\"margin: 0px; font-size: 13px; line-height: normal; font-family: 'Helvetica Neue';\">O <strong><span style=\"color: #00a695;\">Carrinho de Cachorro-Quente Essential<\/span><\/strong> possui uma estrutura de a\u00e7o lacado com tinta esmalte bicomponente, de alta resist\u00eancia e dureza gra\u00e7as ao endurecedor, revestido com chapa de a\u00e7o esmaltado.<\/p>\n<p class=\"p1\" style=\"margin: 0px; font-size: 13px; line-height: normal; font-family: 'Helvetica Neue';\">O balc\u00e3o em a\u00e7o inoxid\u00e1vel possui um banho-maria embutido com tr\u00eas cubas e pot\u00eancia de 1300 W.<\/p>\n<p class=\"p1\" style=\"margin: 0px; font-size: 13px; line-height: normal; font-family: 'Helvetica Neue';\">A cobertura \u00e9 totalmente remov\u00edvel, facilitando o armazenamento, e seu sistema foi testado para resistir ao vento. O tecido \u00e9 de lona e as cores dispon\u00edveis incluem branco e preto lisos ou listrados em branco com amarelo, azul, vermelho ou verde.<\/p>\n<h3 class=\"p1\" style=\"margin: 0px; font-size: 13px; line-height: normal; font-family: 'Helvetica Neue';\"><\/h3>\n<h3 class=\"p1\" style=\"margin: 0px; font-size: 13px; line-height: normal; font-family: 'Helvetica Neue';\">COMPONENTES:<\/h3>\n<ul>\n<li>Banho-maria com 3 cubas GN 1\/3<\/li>\n<li>Balc\u00e3o em a\u00e7o inoxid\u00e1vel.<\/li>\n<li>Cobertura em cores lisas (branco ou preto) ou listrada.<\/li>\n<li>Rotulagem frontal com listras simples.<\/li>\n<li>4 rodas girat\u00f3rias com trav\u00e3o para apoio.<\/li>\n<\/ul>\n<h3 class=\"p1\" style=\"margin: 0px; font-size: 13px; line-height: normal; font-family: 'Helvetica Neue';\">DIMENS\u00d5ES:<\/h3>\n<p class=\"p1\" style=\"margin: 0px; font-size: 13px; line-height: normal; font-family: 'Helvetica Neue';\">Altura :220 cm<\/p>\n<p class=\"p1\" style=\"margin: 0px; font-size: 13px; line-height: normal; font-family: 'Helvetica Neue';\">Largura :110 cm<\/p>\n<p class=\"p1\" style=\"margin: 0px; font-size: 13px; line-height: normal; font-family: 'Helvetica Neue';\">Profundidade :70cm<\/p>\n<p class=\"p1\" style=\"margin: 0px; font-size: 13px; line-height: normal; font-family: 'Helvetica Neue';\">Peso :50 kg aprox.<\/p>\n<p class=\"p1\" style=\"margin: 0px; font-size: 13px; line-height: normal; font-family: 'Helvetica Neue';\">Compre agora o Carrinho de Cachorro-Quente ESSENTIAL por um pre\u00e7o imbat\u00edvel.<\/p>\n","protected":false},"excerpt":{"rendered":"<p><strong>CARRINHO DE CACHORRO-QUENTE ESSENTIAL COM BANHO-MARIA + 3 CUBAS. <\/strong><\/p>\n<p>O <strong><span style=\"color: #00a695;\">carrinho de cachorro-quente<\/span><\/strong> foi especialmente projetado para animar eventos, servir lanches noturnos em casamentos e outras celebra\u00e7\u00f5es, bem como festas e eventos corporativos. Tamb\u00e9m \u00e9 ideal para vendas ambulantes em \u00e1reas movimentadas, centros comerciais em pra\u00e7as de alimenta\u00e7\u00e3o ou espa\u00e7os designados.<br \/>\nCom um investimento m\u00ednimo, voc\u00ea pode obter grandes lucros com o seu <span style=\"color: #000000;\"><span style=\"color: #00a698;\"><strong>carrinho de cachorro-quente<\/strong><\/span><\/span>.<\/p>\n<p class=\"p1\" style=\"margin: 0px; font-size: 13px; line-height: normal; font-family: 'Helvetica Neue';\">Comece j\u00e1 o seu neg\u00f3cio de venda ambulante de <strong><span style=\"color: #00a698;\">cachorros-quentes<\/span><\/strong> com o carrinho Essential, com investimento m\u00ednimo.<\/p>\n<p class=\"p1\" style=\"margin: 0px; font-size: 13px; line-height: normal; font-family: 'Helvetica Neue';\">\n","protected":false},"featured_media":6843,"comment_status":"open","ping_status":"closed","template":"","meta":{"_acf_changed":false},"product_brand":[],"product_cat":[406,401,402,445],"class_list":{"0":"post-5580","1":"product","2":"type-product","3":"status-publish","4":"has-post-thumbnail","6":"product_cat-carrinho-de-cachorro-quente","7":"product_cat-carrinhos-de-comida","8":"product_cat-carrinhos-de-salgados","9":"product_cat-carrinhos-em-estoque","11":"first","12":"instock","13":"taxable","14":"shipping-taxable","15":"product-type-variable"},"acf":[],"_links":{"self":[{"href":"https:\/\/todocarritos.com\/pt\/wp-json\/wp\/v2\/product\/5580","targetHints":{"allow":["GET"]}}],"collection":[{"href":"https:\/\/todocarritos.com\/pt\/wp-json\/wp\/v2\/product"}],"about":[{"href":"https:\/\/todocarritos.com\/pt\/wp-json\/wp\/v2\/types\/product"}],"replies":[{"embeddable":true,"href":"https:\/\/todocarritos.com\/pt\/wp-json\/wp\/v2\/comments?post=5580"}],"wp:featuredmedia":[{"embeddable":true,"href":"https:\/\/todocarritos.com\/pt\/wp-json\/wp\/v2\/media\/6843"}],"wp:attachment":[{"href":"https:\/\/todocarritos.com\/pt\/wp-json\/wp\/v2\/media?parent=5580"}],"wp:term":[{"taxonomy":"product_brand","embeddable":true,"href":"https:\/\/todocarritos.com\/pt\/wp-json\/wp\/v2\/product_brand?post=5580"},{"taxonomy":"product_cat","embeddable":true,"href":"https:\/\/todocarritos.com\/pt\/wp-json\/wp\/v2\/product_cat?post=5580"}],"curies":[{"name":"wp","href":"https:\/\/api.w.org\/{rel}","templated":true}]}}