{"id":5571,"date":"2025-08-04T09:04:20","date_gmt":"2025-08-04T07:04:20","guid":{"rendered":"https:\/\/todocarritos.com\/carrinho-hot-dog-deluxe-express"},"modified":"2025-08-04T09:04:20","modified_gmt":"2025-08-04T07:04:20","slug":"carrinho-hot-dog-deluxe-express","status":"publish","type":"product","link":"https:\/\/todocarritos.com\/pt\/carrinho-hot-dog-deluxe-express","title":{"rendered":"Carrinho Hot Dog Deluxe Express"},"content":{"rendered":"","protected":false},"excerpt":{"rendered":"\n<p><strong>Lance o seu neg\u00f3cio de cachorros-quentes com uma imagem vintage e opera\u00e7\u00e3o imediata<\/strong>. O <em>Carrinho de Hot Dog Deluxe<\/em> oferece <strong>mobilidade<\/strong>, <strong>higiene <\/strong>e uma <strong>esta\u00e7\u00e3o de trabalho completa<\/strong> para servir fast food em <em>festas, concertos, congressos, festas populares e casamentos.<\/em><\/p>\n","protected":false},"featured_media":5572,"comment_status":"open","ping_status":"closed","template":"","meta":{"_acf_changed":false},"product_brand":[],"product_cat":[406,401,402],"class_list":{"0":"post-5571","1":"product","2":"type-product","3":"status-publish","4":"has-post-thumbnail","6":"product_cat-carrinho-de-cachorro-quente","7":"product_cat-carrinhos-de-comida","8":"product_cat-carrinhos-de-salgados","10":"first","11":"instock","12":"taxable","13":"shipping-taxable","14":"product-type-simple"},"acf":[],"_links":{"self":[{"href":"https:\/\/todocarritos.com\/pt\/wp-json\/wp\/v2\/product\/5571","targetHints":{"allow":["GET"]}}],"collection":[{"href":"https:\/\/todocarritos.com\/pt\/wp-json\/wp\/v2\/product"}],"about":[{"href":"https:\/\/todocarritos.com\/pt\/wp-json\/wp\/v2\/types\/product"}],"replies":[{"embeddable":true,"href":"https:\/\/todocarritos.com\/pt\/wp-json\/wp\/v2\/comments?post=5571"}],"wp:featuredmedia":[{"embeddable":true,"href":"https:\/\/todocarritos.com\/pt\/wp-json\/wp\/v2\/media\/5572"}],"wp:attachment":[{"href":"https:\/\/todocarritos.com\/pt\/wp-json\/wp\/v2\/media?parent=5571"}],"wp:term":[{"taxonomy":"product_brand","embeddable":true,"href":"https:\/\/todocarritos.com\/pt\/wp-json\/wp\/v2\/product_brand?post=5571"},{"taxonomy":"product_cat","embeddable":true,"href":"https:\/\/todocarritos.com\/pt\/wp-json\/wp\/v2\/product_cat?post=5571"}],"curies":[{"name":"wp","href":"https:\/\/api.w.org\/{rel}","templated":true}]}}