{"id":5561,"date":"2025-08-04T09:10:52","date_gmt":"2025-08-04T07:10:52","guid":{"rendered":"https:\/\/todocarritos.com\/carrinho-hot-dog-deluxe-express-serie-01"},"modified":"2025-08-04T09:10:52","modified_gmt":"2025-08-04T07:10:52","slug":"carrinho-hot-dog-deluxe-express-serie-01","status":"publish","type":"product","link":"https:\/\/todocarritos.com\/pt\/carrinho-hot-dog-deluxe-express-serie-01","title":{"rendered":"Carrinho Hot Dog Deluxe Express S\u00e9rie 01"},"content":{"rendered":"","protected":false},"excerpt":{"rendered":"\n<p><strong>Comece a vender cachorros-quentes hoje mesmo.<\/strong> O <em>Carrinho Hot Dog Deluxe<\/em> est\u00e1 <strong>em stock<\/strong> para <strong>envio imediato<\/strong> e re\u00fane tudo o que \u00e9 necess\u00e1rio para um ponto de<strong> fast food<\/strong> profissional em <em>casamentos, festas, concertos, feiras e zonas tur\u00edsticas.<\/em><\/p>\n","protected":false},"featured_media":5562,"comment_status":"open","ping_status":"closed","template":"","meta":{"_acf_changed":false},"product_brand":[],"product_cat":[406,401,402],"class_list":{"0":"post-5561","1":"product","2":"type-product","3":"status-publish","4":"has-post-thumbnail","6":"product_cat-carrinho-de-cachorro-quente","7":"product_cat-carrinhos-de-comida","8":"product_cat-carrinhos-de-salgados","10":"first","11":"instock","12":"taxable","13":"shipping-taxable","14":"product-type-simple"},"acf":[],"_links":{"self":[{"href":"https:\/\/todocarritos.com\/pt\/wp-json\/wp\/v2\/product\/5561","targetHints":{"allow":["GET"]}}],"collection":[{"href":"https:\/\/todocarritos.com\/pt\/wp-json\/wp\/v2\/product"}],"about":[{"href":"https:\/\/todocarritos.com\/pt\/wp-json\/wp\/v2\/types\/product"}],"replies":[{"embeddable":true,"href":"https:\/\/todocarritos.com\/pt\/wp-json\/wp\/v2\/comments?post=5561"}],"wp:featuredmedia":[{"embeddable":true,"href":"https:\/\/todocarritos.com\/pt\/wp-json\/wp\/v2\/media\/5562"}],"wp:attachment":[{"href":"https:\/\/todocarritos.com\/pt\/wp-json\/wp\/v2\/media?parent=5561"}],"wp:term":[{"taxonomy":"product_brand","embeddable":true,"href":"https:\/\/todocarritos.com\/pt\/wp-json\/wp\/v2\/product_brand?post=5561"},{"taxonomy":"product_cat","embeddable":true,"href":"https:\/\/todocarritos.com\/pt\/wp-json\/wp\/v2\/product_cat?post=5561"}],"curies":[{"name":"wp","href":"https:\/\/api.w.org\/{rel}","templated":true}]}}