{"id":5553,"date":"2025-08-04T09:27:29","date_gmt":"2025-08-04T07:27:29","guid":{"rendered":"https:\/\/todocarritos.com\/carrinho-de-madeira-essencial"},"modified":"2025-08-04T09:27:29","modified_gmt":"2025-08-04T07:27:29","slug":"carrinho-de-madeira-essencial","status":"publish","type":"product","link":"https:\/\/todocarritos.com\/pt\/carrinho-de-madeira-essencial","title":{"rendered":"Carrinho de madeira Essencial"},"content":{"rendered":"","protected":false},"excerpt":{"rendered":"<p><strong>O carrinho mais vers\u00e1til e charmoso para os seus eventos. <\/strong>O <em>Carrinho de Madeira Essential<\/em> d\u00e1 um toque vintage e elegante a <strong>casamentos, batizados, comunh\u00f5es, anivers\u00e1rios e feiras<\/strong>. Ideal como <strong>candy bar<\/strong>, expositor de presentes ou <strong>carrinho de limonada<\/strong>, combina est\u00e9tica artesanal com estrutura robusta e <strong>pre\u00e7o acess\u00edvel.<\/strong><\/p>\n","protected":false},"featured_media":5554,"comment_status":"open","ping_status":"closed","template":"","meta":{"_acf_changed":false},"product_brand":[],"product_cat":[390],"class_list":{"0":"post-5553","1":"product","2":"type-product","3":"status-publish","4":"has-post-thumbnail","6":"product_cat-carrinhos-para-eventos","8":"first","9":"instock","10":"taxable","11":"shipping-taxable","12":"product-type-simple"},"acf":[],"_links":{"self":[{"href":"https:\/\/todocarritos.com\/pt\/wp-json\/wp\/v2\/product\/5553","targetHints":{"allow":["GET"]}}],"collection":[{"href":"https:\/\/todocarritos.com\/pt\/wp-json\/wp\/v2\/product"}],"about":[{"href":"https:\/\/todocarritos.com\/pt\/wp-json\/wp\/v2\/types\/product"}],"replies":[{"embeddable":true,"href":"https:\/\/todocarritos.com\/pt\/wp-json\/wp\/v2\/comments?post=5553"}],"wp:featuredmedia":[{"embeddable":true,"href":"https:\/\/todocarritos.com\/pt\/wp-json\/wp\/v2\/media\/5554"}],"wp:attachment":[{"href":"https:\/\/todocarritos.com\/pt\/wp-json\/wp\/v2\/media?parent=5553"}],"wp:term":[{"taxonomy":"product_brand","embeddable":true,"href":"https:\/\/todocarritos.com\/pt\/wp-json\/wp\/v2\/product_brand?post=5553"},{"taxonomy":"product_cat","embeddable":true,"href":"https:\/\/todocarritos.com\/pt\/wp-json\/wp\/v2\/product_cat?post=5553"}],"curies":[{"name":"wp","href":"https:\/\/api.w.org\/{rel}","templated":true}]}}