{"id":5551,"date":"2025-08-04T09:41:29","date_gmt":"2025-08-04T07:41:29","guid":{"rendered":"https:\/\/todocarritos.com\/carrinho-promocional-premium"},"modified":"2025-08-04T09:41:29","modified_gmt":"2025-08-04T07:41:29","slug":"carrinho-promocional-premium","status":"publish","type":"product","link":"https:\/\/todocarritos.com\/pt\/carrinho-promocional-premium","title":{"rendered":"Carrinho promocional Premium"},"content":{"rendered":"","protected":false},"excerpt":{"rendered":"\n<p><strong>Aumente a presen\u00e7a da sua marca com um ponto promocional m\u00f3vel e 100% personaliz\u00e1vel.<\/strong> O Carrinho Promocional Premium foi concebido para <em>stands, feiras, congressos e ativa\u00e7\u00f5es,<\/em> maximizando a visibilidade, a mobilidade e a convers\u00e3o de leads.<\/p>\n","protected":false},"featured_media":5552,"comment_status":"open","ping_status":"closed","template":"","meta":{"_acf_changed":false},"product_brand":[],"product_cat":[398,458],"class_list":{"0":"post-5551","1":"product","2":"type-product","3":"status-publish","4":"has-post-thumbnail","6":"product_cat-carrinhos-de-negocios","7":"product_cat-carrinhos-para-promocoes","9":"first","10":"instock","11":"taxable","12":"shipping-taxable","13":"product-type-simple"},"acf":[],"_links":{"self":[{"href":"https:\/\/todocarritos.com\/pt\/wp-json\/wp\/v2\/product\/5551","targetHints":{"allow":["GET"]}}],"collection":[{"href":"https:\/\/todocarritos.com\/pt\/wp-json\/wp\/v2\/product"}],"about":[{"href":"https:\/\/todocarritos.com\/pt\/wp-json\/wp\/v2\/types\/product"}],"replies":[{"embeddable":true,"href":"https:\/\/todocarritos.com\/pt\/wp-json\/wp\/v2\/comments?post=5551"}],"wp:featuredmedia":[{"embeddable":true,"href":"https:\/\/todocarritos.com\/pt\/wp-json\/wp\/v2\/media\/5552"}],"wp:attachment":[{"href":"https:\/\/todocarritos.com\/pt\/wp-json\/wp\/v2\/media?parent=5551"}],"wp:term":[{"taxonomy":"product_brand","embeddable":true,"href":"https:\/\/todocarritos.com\/pt\/wp-json\/wp\/v2\/product_brand?post=5551"},{"taxonomy":"product_cat","embeddable":true,"href":"https:\/\/todocarritos.com\/pt\/wp-json\/wp\/v2\/product_cat?post=5551"}],"curies":[{"name":"wp","href":"https:\/\/api.w.org\/{rel}","templated":true}]}}