{"id":5549,"date":"2025-08-04T10:12:47","date_gmt":"2025-08-04T08:12:47","guid":{"rendered":"https:\/\/todocarritos.com\/carrinho-promocional-deluxe"},"modified":"2025-08-04T10:12:47","modified_gmt":"2025-08-04T08:12:47","slug":"carrinho-promocional-deluxe","status":"publish","type":"product","link":"https:\/\/todocarritos.com\/pt\/carrinho-promocional-deluxe","title":{"rendered":"Carrinho promocional Deluxe"},"content":{"rendered":"","protected":false},"excerpt":{"rendered":"\n<p><strong>D\u00ea visibilidade \u00e0 sua marca com um ponto promocional m\u00f3vel de alto impacto.<\/strong> O Carrinho Promocional Deluxe foi concebido para <em>feiras, congressos, roadshows e a\u00e7\u00f5es no ponto de venda<\/em>, oferecendo m\u00e1xima visibilidade, superf\u00edcie de trabalho higi\u00e9nica e personaliza\u00e7\u00e3o total para captar leads e apresentar produtos.<\/p>\n","protected":false},"featured_media":5550,"comment_status":"open","ping_status":"closed","template":"","meta":{"_acf_changed":false},"product_brand":[],"product_cat":[398,458],"class_list":{"0":"post-5549","1":"product","2":"type-product","3":"status-publish","4":"has-post-thumbnail","6":"product_cat-carrinhos-de-negocios","7":"product_cat-carrinhos-para-promocoes","9":"first","10":"instock","11":"taxable","12":"shipping-taxable","13":"product-type-simple"},"acf":[],"_links":{"self":[{"href":"https:\/\/todocarritos.com\/pt\/wp-json\/wp\/v2\/product\/5549","targetHints":{"allow":["GET"]}}],"collection":[{"href":"https:\/\/todocarritos.com\/pt\/wp-json\/wp\/v2\/product"}],"about":[{"href":"https:\/\/todocarritos.com\/pt\/wp-json\/wp\/v2\/types\/product"}],"replies":[{"embeddable":true,"href":"https:\/\/todocarritos.com\/pt\/wp-json\/wp\/v2\/comments?post=5549"}],"wp:featuredmedia":[{"embeddable":true,"href":"https:\/\/todocarritos.com\/pt\/wp-json\/wp\/v2\/media\/5550"}],"wp:attachment":[{"href":"https:\/\/todocarritos.com\/pt\/wp-json\/wp\/v2\/media?parent=5549"}],"wp:term":[{"taxonomy":"product_brand","embeddable":true,"href":"https:\/\/todocarritos.com\/pt\/wp-json\/wp\/v2\/product_brand?post=5549"},{"taxonomy":"product_cat","embeddable":true,"href":"https:\/\/todocarritos.com\/pt\/wp-json\/wp\/v2\/product_cat?post=5549"}],"curies":[{"name":"wp","href":"https:\/\/api.w.org\/{rel}","templated":true}]}}