{"id":5524,"date":"2025-08-05T10:22:37","date_gmt":"2025-08-05T08:22:37","guid":{"rendered":"https:\/\/todocarritos.com\/toldos"},"modified":"2025-08-05T10:22:37","modified_gmt":"2025-08-05T08:22:37","slug":"toldos","status":"publish","type":"product","link":"https:\/\/todocarritos.com\/pt\/toldos","title":{"rendered":"Toldos"},"content":{"rendered":"","protected":false},"excerpt":{"rendered":"\n<p><strong>D\u00ea ao seu carrinho um acabamento profissional e prote\u00e7\u00e3o contra as intemp\u00e9ries.<\/strong> As nossas <em>capotas para carrinhos<\/em> s\u00e3o confeccionadas em l<strong>ona de alta resist\u00eancia<\/strong>, dispon\u00edveis em <strong>estilo ondulado ou reto<\/strong>, e em<strong> cores padr\u00e3o ou personalizadas<\/strong> (lisas e listradas) para alinhar o seu posto com a identidade da sua marca.<\/p>\n","protected":false},"featured_media":5525,"comment_status":"open","ping_status":"closed","template":"","meta":{"_acf_changed":false},"product_brand":[],"product_cat":[460],"class_list":{"0":"post-5524","1":"product","2":"type-product","3":"status-publish","4":"has-post-thumbnail","6":"product_cat-acessorios","8":"first","9":"instock","10":"taxable","11":"shipping-taxable","12":"product-type-variable"},"acf":[],"_links":{"self":[{"href":"https:\/\/todocarritos.com\/pt\/wp-json\/wp\/v2\/product\/5524","targetHints":{"allow":["GET"]}}],"collection":[{"href":"https:\/\/todocarritos.com\/pt\/wp-json\/wp\/v2\/product"}],"about":[{"href":"https:\/\/todocarritos.com\/pt\/wp-json\/wp\/v2\/types\/product"}],"replies":[{"embeddable":true,"href":"https:\/\/todocarritos.com\/pt\/wp-json\/wp\/v2\/comments?post=5524"}],"wp:featuredmedia":[{"embeddable":true,"href":"https:\/\/todocarritos.com\/pt\/wp-json\/wp\/v2\/media\/5525"}],"wp:attachment":[{"href":"https:\/\/todocarritos.com\/pt\/wp-json\/wp\/v2\/media?parent=5524"}],"wp:term":[{"taxonomy":"product_brand","embeddable":true,"href":"https:\/\/todocarritos.com\/pt\/wp-json\/wp\/v2\/product_brand?post=5524"},{"taxonomy":"product_cat","embeddable":true,"href":"https:\/\/todocarritos.com\/pt\/wp-json\/wp\/v2\/product_cat?post=5524"}],"curies":[{"name":"wp","href":"https:\/\/api.w.org\/{rel}","templated":true}]}}