{"id":5517,"date":"2025-08-05T10:29:34","date_gmt":"2025-08-05T08:29:34","guid":{"rendered":"https:\/\/todocarritos.com\/logo-magnetizado-45-x-45-cm"},"modified":"2025-08-05T10:29:34","modified_gmt":"2025-08-05T08:29:34","slug":"logo-magnetizado-45-x-45-cm","status":"publish","type":"product","link":"https:\/\/todocarritos.com\/pt\/logo-magnetizado-45-x-45-cm","title":{"rendered":"Log\u00f3tipo magn\u00e9tico (45 x 45 cm)"},"content":{"rendered":"","protected":false},"excerpt":{"rendered":"<p><strong>Mude a imagem do seu carrinho em segundos.<\/strong> O log\u00f3tipo magn\u00e9tico 45\u00d745 adere \u00e0 parte <em>frontal do carrinho<\/em> para alternar entre diferentes linhas de neg\u00f3cio (crepes, gelados, pipocas e muito mais) sem ferramentas, sem res\u00edduos e com um acabamento profissional.<\/p>\n","protected":false},"featured_media":5518,"comment_status":"open","ping_status":"closed","template":"","meta":{"_acf_changed":false},"product_brand":[],"product_cat":[460],"class_list":{"0":"post-5517","1":"product","2":"type-product","3":"status-publish","4":"has-post-thumbnail","6":"product_cat-acessorios","8":"first","9":"instock","10":"taxable","11":"shipping-taxable","12":"product-type-variable"},"acf":[],"_links":{"self":[{"href":"https:\/\/todocarritos.com\/pt\/wp-json\/wp\/v2\/product\/5517","targetHints":{"allow":["GET"]}}],"collection":[{"href":"https:\/\/todocarritos.com\/pt\/wp-json\/wp\/v2\/product"}],"about":[{"href":"https:\/\/todocarritos.com\/pt\/wp-json\/wp\/v2\/types\/product"}],"replies":[{"embeddable":true,"href":"https:\/\/todocarritos.com\/pt\/wp-json\/wp\/v2\/comments?post=5517"}],"wp:featuredmedia":[{"embeddable":true,"href":"https:\/\/todocarritos.com\/pt\/wp-json\/wp\/v2\/media\/5518"}],"wp:attachment":[{"href":"https:\/\/todocarritos.com\/pt\/wp-json\/wp\/v2\/media?parent=5517"}],"wp:term":[{"taxonomy":"product_brand","embeddable":true,"href":"https:\/\/todocarritos.com\/pt\/wp-json\/wp\/v2\/product_brand?post=5517"},{"taxonomy":"product_cat","embeddable":true,"href":"https:\/\/todocarritos.com\/pt\/wp-json\/wp\/v2\/product_cat?post=5517"}],"curies":[{"name":"wp","href":"https:\/\/api.w.org\/{rel}","templated":true}]}}