{"id":5513,"date":"2025-08-05T10:57:53","date_gmt":"2025-08-05T08:57:53","guid":{"rendered":"https:\/\/todocarritos.com\/crepeira-30-cm-para-carrinho"},"modified":"2025-08-05T10:57:53","modified_gmt":"2025-08-05T08:57:53","slug":"crepeira-30-cm-para-carrinho","status":"publish","type":"product","link":"https:\/\/todocarritos.com\/pt\/crepeira-30-cm-para-carrinho","title":{"rendered":"Crepeira 30 cm para carrinho"},"content":{"rendered":"","protected":false},"excerpt":{"rendered":"\n<p><strong>Crepes perfeitos na sua banca m\u00f3vel, com montagem encaix\u00e1vel e f\u00e1cil utiliza\u00e7\u00e3o.<\/strong> A <em>Crepeira El\u00e9trica de 30 cm<\/em> para carrinho integra-se no balc\u00e3o e oferece aquecimento uniforme, superf\u00edcie antiaderente e acess\u00f3rios inclu\u00eddos para servir mais rapidamente e com melhor apresenta\u00e7\u00e3o.<\/p>\n","protected":false},"featured_media":7348,"comment_status":"open","ping_status":"closed","template":"","meta":{"_acf_changed":false},"product_brand":[],"product_cat":[460],"class_list":{"0":"post-5513","1":"product","2":"type-product","3":"status-publish","4":"has-post-thumbnail","6":"product_cat-acessorios","8":"first","9":"instock","10":"taxable","11":"shipping-taxable","12":"product-type-simple"},"acf":[],"_links":{"self":[{"href":"https:\/\/todocarritos.com\/pt\/wp-json\/wp\/v2\/product\/5513","targetHints":{"allow":["GET"]}}],"collection":[{"href":"https:\/\/todocarritos.com\/pt\/wp-json\/wp\/v2\/product"}],"about":[{"href":"https:\/\/todocarritos.com\/pt\/wp-json\/wp\/v2\/types\/product"}],"replies":[{"embeddable":true,"href":"https:\/\/todocarritos.com\/pt\/wp-json\/wp\/v2\/comments?post=5513"}],"wp:featuredmedia":[{"embeddable":true,"href":"https:\/\/todocarritos.com\/pt\/wp-json\/wp\/v2\/media\/7348"}],"wp:attachment":[{"href":"https:\/\/todocarritos.com\/pt\/wp-json\/wp\/v2\/media?parent=5513"}],"wp:term":[{"taxonomy":"product_brand","embeddable":true,"href":"https:\/\/todocarritos.com\/pt\/wp-json\/wp\/v2\/product_brand?post=5513"},{"taxonomy":"product_cat","embeddable":true,"href":"https:\/\/todocarritos.com\/pt\/wp-json\/wp\/v2\/product_cat?post=5513"}],"curies":[{"name":"wp","href":"https:\/\/api.w.org\/{rel}","templated":true}]}}