{"id":5508,"date":"2025-08-05T11:04:09","date_gmt":"2025-08-05T09:04:09","guid":{"rendered":"https:\/\/todocarritos.com\/estrutura-interna-freezer-com-bandejas"},"modified":"2025-08-05T11:04:09","modified_gmt":"2025-08-05T09:04:09","slug":"estrutura-interna-freezer-com-bandejas","status":"publish","type":"product","link":"https:\/\/todocarritos.com\/pt\/estrutura-interna-freezer-com-bandejas","title":{"rendered":"Estrutura interna do congelador com cubas"},"content":{"rendered":"","protected":false},"excerpt":{"rendered":"<p><strong>Organize, ganhe acesso r\u00e1pido e aproveite cada litro do seu congelador.<\/strong> A estrutura interna para caixas de carrinhos de gelados organiza o gelado a granel na parte superior e deixa o espa\u00e7o inferior para produtos embalados, melhorando a rota\u00e7\u00e3o e a higiene sem perder capacidade.<\/p>\n","protected":false},"featured_media":5509,"comment_status":"open","ping_status":"closed","template":"","meta":{"_acf_changed":false},"product_brand":[],"product_cat":[460],"class_list":{"0":"post-5508","1":"product","2":"type-product","3":"status-publish","4":"has-post-thumbnail","6":"product_cat-acessorios","8":"first","9":"instock","10":"taxable","11":"shipping-taxable","12":"product-type-simple"},"acf":[],"_links":{"self":[{"href":"https:\/\/todocarritos.com\/pt\/wp-json\/wp\/v2\/product\/5508","targetHints":{"allow":["GET"]}}],"collection":[{"href":"https:\/\/todocarritos.com\/pt\/wp-json\/wp\/v2\/product"}],"about":[{"href":"https:\/\/todocarritos.com\/pt\/wp-json\/wp\/v2\/types\/product"}],"replies":[{"embeddable":true,"href":"https:\/\/todocarritos.com\/pt\/wp-json\/wp\/v2\/comments?post=5508"}],"wp:featuredmedia":[{"embeddable":true,"href":"https:\/\/todocarritos.com\/pt\/wp-json\/wp\/v2\/media\/5509"}],"wp:attachment":[{"href":"https:\/\/todocarritos.com\/pt\/wp-json\/wp\/v2\/media?parent=5508"}],"wp:term":[{"taxonomy":"product_brand","embeddable":true,"href":"https:\/\/todocarritos.com\/pt\/wp-json\/wp\/v2\/product_brand?post=5508"},{"taxonomy":"product_cat","embeddable":true,"href":"https:\/\/todocarritos.com\/pt\/wp-json\/wp\/v2\/product_cat?post=5508"}],"curies":[{"name":"wp","href":"https:\/\/api.w.org\/{rel}","templated":true}]}}