{"id":5496,"date":"2025-08-05T11:16:45","date_gmt":"2025-08-05T09:16:45","guid":{"rendered":"https:\/\/todocarritos.com\/mesa-dobravel-de-carrinho"},"modified":"2025-08-05T11:16:45","modified_gmt":"2025-08-05T09:16:45","slug":"mesa-dobravel-de-carrinho","status":"publish","type":"product","link":"https:\/\/todocarritos.com\/pt\/mesa-dobravel-de-carrinho","title":{"rendered":"Mesa rebat\u00edvel Carrinho"},"content":{"rendered":"","protected":false},"excerpt":{"rendered":"<p><strong>Ganhe espa\u00e7o \u00fatil instantaneamente no seu carrinho de eventos.<\/strong> A Mesa Rebat\u00edvel para Carrinhos adiciona <strong>65 cm de espa\u00e7o de trabalho por lado<\/strong>, com um sistema rebat\u00edvel seguro e montagem r\u00e1pida para preparar, expor ou apoiar utens\u00edlios sem perder mobilidade.<\/p>\n","protected":false},"featured_media":5497,"comment_status":"open","ping_status":"closed","template":"","meta":{"_acf_changed":false},"product_brand":[],"product_cat":[460],"class_list":{"0":"post-5496","1":"product","2":"type-product","3":"status-publish","4":"has-post-thumbnail","6":"product_cat-acessorios","8":"first","9":"instock","10":"taxable","11":"shipping-taxable","12":"product-type-simple"},"acf":[],"_links":{"self":[{"href":"https:\/\/todocarritos.com\/pt\/wp-json\/wp\/v2\/product\/5496","targetHints":{"allow":["GET"]}}],"collection":[{"href":"https:\/\/todocarritos.com\/pt\/wp-json\/wp\/v2\/product"}],"about":[{"href":"https:\/\/todocarritos.com\/pt\/wp-json\/wp\/v2\/types\/product"}],"replies":[{"embeddable":true,"href":"https:\/\/todocarritos.com\/pt\/wp-json\/wp\/v2\/comments?post=5496"}],"wp:featuredmedia":[{"embeddable":true,"href":"https:\/\/todocarritos.com\/pt\/wp-json\/wp\/v2\/media\/5497"}],"wp:attachment":[{"href":"https:\/\/todocarritos.com\/pt\/wp-json\/wp\/v2\/media?parent=5496"}],"wp:term":[{"taxonomy":"product_brand","embeddable":true,"href":"https:\/\/todocarritos.com\/pt\/wp-json\/wp\/v2\/product_brand?post=5496"},{"taxonomy":"product_cat","embeddable":true,"href":"https:\/\/todocarritos.com\/pt\/wp-json\/wp\/v2\/product_cat?post=5496"}],"curies":[{"name":"wp","href":"https:\/\/api.w.org\/{rel}","templated":true}]}}