{"id":5493,"date":"2025-08-06T08:30:58","date_gmt":"2025-08-06T06:30:58","guid":{"rendered":"https:\/\/todocarritos.com\/carrinho-de-frutas-essential"},"modified":"2025-08-06T08:30:58","modified_gmt":"2025-08-06T06:30:58","slug":"carrinho-de-frutas-essential","status":"publish","type":"product","link":"https:\/\/todocarritos.com\/pt\/carrinho-de-frutas-essential","title":{"rendered":"Carrinho de Frutas Essential"},"content":{"rendered":"","protected":false},"excerpt":{"rendered":"\n<p><strong>A sua banca de frutas m\u00f3vel, simples e rent\u00e1vel.<\/strong> O Carrinho de Frutas Essential re\u00fane o essencial para expor e vender frutas frescas com uma apresenta\u00e7\u00e3o cuidada em <em>eventos, feiras, hot\u00e9is e catering.<\/em><\/p>\n","protected":false},"featured_media":5494,"comment_status":"open","ping_status":"closed","template":"","meta":{"_acf_changed":false},"product_brand":[],"product_cat":[448,401,447],"class_list":{"0":"post-5493","1":"product","2":"type-product","3":"status-publish","4":"has-post-thumbnail","6":"product_cat-carrinho-de-frutas","7":"product_cat-carrinhos-de-comida","8":"product_cat-carrinhos-de-doces","10":"first","11":"instock","12":"taxable","13":"shipping-taxable","14":"product-type-simple"},"acf":[],"_links":{"self":[{"href":"https:\/\/todocarritos.com\/pt\/wp-json\/wp\/v2\/product\/5493","targetHints":{"allow":["GET"]}}],"collection":[{"href":"https:\/\/todocarritos.com\/pt\/wp-json\/wp\/v2\/product"}],"about":[{"href":"https:\/\/todocarritos.com\/pt\/wp-json\/wp\/v2\/types\/product"}],"replies":[{"embeddable":true,"href":"https:\/\/todocarritos.com\/pt\/wp-json\/wp\/v2\/comments?post=5493"}],"wp:featuredmedia":[{"embeddable":true,"href":"https:\/\/todocarritos.com\/pt\/wp-json\/wp\/v2\/media\/5494"}],"wp:attachment":[{"href":"https:\/\/todocarritos.com\/pt\/wp-json\/wp\/v2\/media?parent=5493"}],"wp:term":[{"taxonomy":"product_brand","embeddable":true,"href":"https:\/\/todocarritos.com\/pt\/wp-json\/wp\/v2\/product_brand?post=5493"},{"taxonomy":"product_cat","embeddable":true,"href":"https:\/\/todocarritos.com\/pt\/wp-json\/wp\/v2\/product_cat?post=5493"}],"curies":[{"name":"wp","href":"https:\/\/api.w.org\/{rel}","templated":true}]}}