{"id":5486,"date":"2025-08-06T09:19:01","date_gmt":"2025-08-06T07:19:01","guid":{"rendered":"https:\/\/todocarritos.com\/carrinho-de-frutas-deluxe"},"modified":"2025-08-06T09:19:01","modified_gmt":"2025-08-06T07:19:01","slug":"carrinho-de-frutas-deluxe","status":"publish","type":"product","link":"https:\/\/todocarritos.com\/pt\/carrinho-de-frutas-deluxe","title":{"rendered":"Carrinho de frutas Deluxe"},"content":{"rendered":"","protected":false},"excerpt":{"rendered":"\n<p><strong>Apresente fruta fresca com uma imagem premium onde quer que v\u00e1<\/strong>. O Carrinho de Fruta Deluxe combina alto impacto visual, superf\u00edcie de trabalho higi\u00e9nica e mobilidade profissional para vender e expor fruta em <em>eventos, feiras, hot\u00e9is e catering.<\/em><\/p>\n","protected":false},"featured_media":5487,"comment_status":"open","ping_status":"closed","template":"","meta":{"_acf_changed":false},"product_brand":[],"product_cat":[448,401,447],"class_list":{"0":"post-5486","1":"product","2":"type-product","3":"status-publish","4":"has-post-thumbnail","6":"product_cat-carrinho-de-frutas","7":"product_cat-carrinhos-de-comida","8":"product_cat-carrinhos-de-doces","10":"first","11":"instock","12":"taxable","13":"shipping-taxable","14":"product-type-simple"},"acf":[],"_links":{"self":[{"href":"https:\/\/todocarritos.com\/pt\/wp-json\/wp\/v2\/product\/5486","targetHints":{"allow":["GET"]}}],"collection":[{"href":"https:\/\/todocarritos.com\/pt\/wp-json\/wp\/v2\/product"}],"about":[{"href":"https:\/\/todocarritos.com\/pt\/wp-json\/wp\/v2\/types\/product"}],"replies":[{"embeddable":true,"href":"https:\/\/todocarritos.com\/pt\/wp-json\/wp\/v2\/comments?post=5486"}],"wp:featuredmedia":[{"embeddable":true,"href":"https:\/\/todocarritos.com\/pt\/wp-json\/wp\/v2\/media\/5487"}],"wp:attachment":[{"href":"https:\/\/todocarritos.com\/pt\/wp-json\/wp\/v2\/media?parent=5486"}],"wp:term":[{"taxonomy":"product_brand","embeddable":true,"href":"https:\/\/todocarritos.com\/pt\/wp-json\/wp\/v2\/product_brand?post=5486"},{"taxonomy":"product_cat","embeddable":true,"href":"https:\/\/todocarritos.com\/pt\/wp-json\/wp\/v2\/product_cat?post=5486"}],"curies":[{"name":"wp","href":"https:\/\/api.w.org\/{rel}","templated":true}]}}