{"id":5478,"date":"2025-08-06T09:27:50","date_gmt":"2025-08-06T07:27:50","guid":{"rendered":"https:\/\/todocarritos.com\/carrinho-de-doces-deluxe"},"modified":"2025-08-06T09:27:50","modified_gmt":"2025-08-06T07:27:50","slug":"carrinho-de-doces-deluxe","status":"publish","type":"product","link":"https:\/\/todocarritos.com\/pt\/carrinho-de-doces-deluxe","title":{"rendered":"Carrinho de Doces Deluxe"},"content":{"rendered":"","protected":false},"excerpt":{"rendered":"<p><strong>A forma mais vistosa e rent\u00e1vel de vender doces em eventos.<\/strong> O Carrinho de Doces Deluxe combina alto impacto visual, superf\u00edcie de trabalho higi\u00eanica e mobilidade profissional para criar um ponto de venda irresist\u00edvel em casamentos, feiras e celebra\u00e7\u00f5es.<\/p>\n","protected":false},"featured_media":5479,"comment_status":"open","ping_status":"closed","template":"","meta":{"_acf_changed":false},"product_brand":[],"product_cat":[393,394,401,396,447,397,453,390],"class_list":{"0":"post-5478","1":"product","2":"type-product","3":"status-publish","4":"has-post-thumbnail","6":"product_cat-carrinhos-de-aniversario","7":"product_cat-carrinhos-de-casamento","8":"product_cat-carrinhos-de-comida","9":"product_cat-carrinhos-de-comunhao","10":"product_cat-carrinhos-de-doces","11":"product_cat-carrinhos-de-festa-para-criancas","12":"product_cat-carrinhos-de-gomas-del-pt","13":"product_cat-carrinhos-para-eventos","15":"first","16":"instock","17":"taxable","18":"shipping-taxable","19":"product-type-simple"},"acf":[],"_links":{"self":[{"href":"https:\/\/todocarritos.com\/pt\/wp-json\/wp\/v2\/product\/5478","targetHints":{"allow":["GET"]}}],"collection":[{"href":"https:\/\/todocarritos.com\/pt\/wp-json\/wp\/v2\/product"}],"about":[{"href":"https:\/\/todocarritos.com\/pt\/wp-json\/wp\/v2\/types\/product"}],"replies":[{"embeddable":true,"href":"https:\/\/todocarritos.com\/pt\/wp-json\/wp\/v2\/comments?post=5478"}],"wp:featuredmedia":[{"embeddable":true,"href":"https:\/\/todocarritos.com\/pt\/wp-json\/wp\/v2\/media\/5479"}],"wp:attachment":[{"href":"https:\/\/todocarritos.com\/pt\/wp-json\/wp\/v2\/media?parent=5478"}],"wp:term":[{"taxonomy":"product_brand","embeddable":true,"href":"https:\/\/todocarritos.com\/pt\/wp-json\/wp\/v2\/product_brand?post=5478"},{"taxonomy":"product_cat","embeddable":true,"href":"https:\/\/todocarritos.com\/pt\/wp-json\/wp\/v2\/product_cat?post=5478"}],"curies":[{"name":"wp","href":"https:\/\/api.w.org\/{rel}","templated":true}]}}