{"id":5466,"date":"2025-08-06T10:02:41","date_gmt":"2025-08-06T08:02:41","guid":{"rendered":"https:\/\/todocarritos.com\/carrinho-de-bunuelos-essential"},"modified":"2025-08-06T10:02:41","modified_gmt":"2025-08-06T08:02:41","slug":"carrinho-de-bunuelos-essential","status":"publish","type":"product","link":"https:\/\/todocarritos.com\/pt\/carrinho-de-bunuelos-essential","title":{"rendered":"Carrinho de Bu\u00f1uelos Essential"},"content":{"rendered":"","protected":false},"excerpt":{"rendered":"\n<p><strong>Comece a vender bu\u00f1uelos onde quer que haja p\u00fablico.<\/strong> O Carrinho de Bu\u00f1uelos Essential re\u00fane o essencial para um <em>ponto de venda m\u00f3vel<\/em> \u00e1gil: <strong>toldo de cor padr\u00e3o<\/strong>, <strong>balc\u00e3o em branco ou inoxid\u00e1vel<\/strong> e <strong>4 rodas girat\u00f3rias com trav\u00e3o<\/strong> para montar e atender com seguran\u00e7a em feiras, mercados e eventos.<\/p>\n","protected":false},"featured_media":5467,"comment_status":"open","ping_status":"closed","template":"","meta":{"_acf_changed":false},"product_brand":[],"product_cat":[393,451,401,396,447,389,397,390],"class_list":{"0":"post-5466","1":"product","2":"type-product","3":"status-publish","4":"has-post-thumbnail","6":"product_cat-carrinhos-de-aniversario","7":"product_cat-carrinhos-de-bolinhos-fritos","8":"product_cat-carrinhos-de-comida","9":"product_cat-carrinhos-de-comunhao","10":"product_cat-carrinhos-de-doces","11":"product_cat-carrinhos-de-feira","12":"product_cat-carrinhos-de-festa-para-criancas","13":"product_cat-carrinhos-para-eventos","15":"first","16":"instock","17":"taxable","18":"shipping-taxable","19":"product-type-simple"},"acf":[],"_links":{"self":[{"href":"https:\/\/todocarritos.com\/pt\/wp-json\/wp\/v2\/product\/5466","targetHints":{"allow":["GET"]}}],"collection":[{"href":"https:\/\/todocarritos.com\/pt\/wp-json\/wp\/v2\/product"}],"about":[{"href":"https:\/\/todocarritos.com\/pt\/wp-json\/wp\/v2\/types\/product"}],"replies":[{"embeddable":true,"href":"https:\/\/todocarritos.com\/pt\/wp-json\/wp\/v2\/comments?post=5466"}],"wp:featuredmedia":[{"embeddable":true,"href":"https:\/\/todocarritos.com\/pt\/wp-json\/wp\/v2\/media\/5467"}],"wp:attachment":[{"href":"https:\/\/todocarritos.com\/pt\/wp-json\/wp\/v2\/media?parent=5466"}],"wp:term":[{"taxonomy":"product_brand","embeddable":true,"href":"https:\/\/todocarritos.com\/pt\/wp-json\/wp\/v2\/product_brand?post=5466"},{"taxonomy":"product_cat","embeddable":true,"href":"https:\/\/todocarritos.com\/pt\/wp-json\/wp\/v2\/product_cat?post=5466"}],"curies":[{"name":"wp","href":"https:\/\/api.w.org\/{rel}","templated":true}]}}