{"id":5451,"date":"2025-08-06T10:05:26","date_gmt":"2025-08-06T08:05:26","guid":{"rendered":"https:\/\/todocarritos.com\/carrinho-de-waffles-deluxe"},"modified":"2025-08-06T10:05:26","modified_gmt":"2025-08-06T08:05:26","slug":"carrinho-de-waffles-deluxe","status":"publish","type":"product","link":"https:\/\/todocarritos.com\/pt\/carrinho-de-waffles-deluxe","title":{"rendered":"Carrinho de Waffles Deluxe"},"content":{"rendered":"","protected":false},"excerpt":{"rendered":"\n<p><strong>Transforme qualquer evento numa loja m\u00f3vel de waffles de grande impacto.<\/strong> O Carrinho de Waffles Deluxe combina visibilidade da marca, superf\u00edcie higi\u00e9nica e mobilidade profissional para preparar e servir waffles acabados de fazer em <em>feiras, casamentos, hot\u00e9is e catering<\/em>.<\/p>\n","protected":false},"featured_media":5452,"comment_status":"open","ping_status":"closed","template":"","meta":{"_acf_changed":false},"product_brand":[],"product_cat":[393,401,396,447,389,397,452,390],"class_list":{"0":"post-5451","1":"product","2":"type-product","3":"status-publish","4":"has-post-thumbnail","6":"product_cat-carrinhos-de-aniversario","7":"product_cat-carrinhos-de-comida","8":"product_cat-carrinhos-de-comunhao","9":"product_cat-carrinhos-de-doces","10":"product_cat-carrinhos-de-feira","11":"product_cat-carrinhos-de-festa-para-criancas","12":"product_cat-carrinhos-de-waffles","13":"product_cat-carrinhos-para-eventos","15":"first","16":"instock","17":"taxable","18":"shipping-taxable","19":"product-type-simple"},"acf":[],"_links":{"self":[{"href":"https:\/\/todocarritos.com\/pt\/wp-json\/wp\/v2\/product\/5451","targetHints":{"allow":["GET"]}}],"collection":[{"href":"https:\/\/todocarritos.com\/pt\/wp-json\/wp\/v2\/product"}],"about":[{"href":"https:\/\/todocarritos.com\/pt\/wp-json\/wp\/v2\/types\/product"}],"replies":[{"embeddable":true,"href":"https:\/\/todocarritos.com\/pt\/wp-json\/wp\/v2\/comments?post=5451"}],"wp:featuredmedia":[{"embeddable":true,"href":"https:\/\/todocarritos.com\/pt\/wp-json\/wp\/v2\/media\/5452"}],"wp:attachment":[{"href":"https:\/\/todocarritos.com\/pt\/wp-json\/wp\/v2\/media?parent=5451"}],"wp:term":[{"taxonomy":"product_brand","embeddable":true,"href":"https:\/\/todocarritos.com\/pt\/wp-json\/wp\/v2\/product_brand?post=5451"},{"taxonomy":"product_cat","embeddable":true,"href":"https:\/\/todocarritos.com\/pt\/wp-json\/wp\/v2\/product_cat?post=5451"}],"curies":[{"name":"wp","href":"https:\/\/api.w.org\/{rel}","templated":true}]}}