{"id":5448,"date":"2025-08-06T10:08:05","date_gmt":"2025-08-06T08:08:05","guid":{"rendered":"https:\/\/todocarritos.com\/carrinho-de-sorvete-essencial"},"modified":"2025-09-29T09:16:36","modified_gmt":"2025-09-29T07:16:36","slug":"carrinho-de-gelado-essencial","status":"publish","type":"product","link":"https:\/\/todocarritos.com\/pt\/carrinho-de-gelado-essencial","title":{"rendered":"Carrinho de Gelado Essencial"},"content":{"rendered":"","protected":false},"excerpt":{"rendered":"<p><strong>O seu ponto de venda de gelados, pronto para come\u00e7ar sem complica\u00e7\u00f5es.<\/strong> O Carrinho de Gelados Essential re\u00fane o essencial para vender gelados e picol\u00e9s com uma imagem cuidada e um funcionamento \u00e1gil em eventos, feiras e catering.<\/p>\n","protected":false},"featured_media":5449,"comment_status":"open","ping_status":"closed","template":"","meta":{"_acf_changed":false},"product_brand":[],"product_cat":[454,393,401,396,447,397,390],"class_list":{"0":"post-5448","1":"product","2":"type-product","3":"status-publish","4":"has-post-thumbnail","6":"product_cat-carrinho-de-gelado","7":"product_cat-carrinhos-de-aniversario","8":"product_cat-carrinhos-de-comida","9":"product_cat-carrinhos-de-comunhao","10":"product_cat-carrinhos-de-doces","11":"product_cat-carrinhos-de-festa-para-criancas","12":"product_cat-carrinhos-para-eventos","14":"first","15":"instock","16":"taxable","17":"shipping-taxable","18":"product-type-variable"},"acf":[],"_links":{"self":[{"href":"https:\/\/todocarritos.com\/pt\/wp-json\/wp\/v2\/product\/5448","targetHints":{"allow":["GET"]}}],"collection":[{"href":"https:\/\/todocarritos.com\/pt\/wp-json\/wp\/v2\/product"}],"about":[{"href":"https:\/\/todocarritos.com\/pt\/wp-json\/wp\/v2\/types\/product"}],"replies":[{"embeddable":true,"href":"https:\/\/todocarritos.com\/pt\/wp-json\/wp\/v2\/comments?post=5448"}],"wp:featuredmedia":[{"embeddable":true,"href":"https:\/\/todocarritos.com\/pt\/wp-json\/wp\/v2\/media\/5449"}],"wp:attachment":[{"href":"https:\/\/todocarritos.com\/pt\/wp-json\/wp\/v2\/media?parent=5448"}],"wp:term":[{"taxonomy":"product_brand","embeddable":true,"href":"https:\/\/todocarritos.com\/pt\/wp-json\/wp\/v2\/product_brand?post=5448"},{"taxonomy":"product_cat","embeddable":true,"href":"https:\/\/todocarritos.com\/pt\/wp-json\/wp\/v2\/product_cat?post=5448"}],"curies":[{"name":"wp","href":"https:\/\/api.w.org\/{rel}","templated":true}]}}