{"id":5445,"date":"2025-08-06T10:08:43","date_gmt":"2025-08-06T08:08:43","guid":{"rendered":"https:\/\/todocarritos.com\/carrinho-de-sorvete-premium"},"modified":"2025-09-29T09:17:50","modified_gmt":"2025-09-29T07:17:50","slug":"carrinho-de-gelado-premium","status":"publish","type":"product","link":"https:\/\/todocarritos.com\/pt\/carrinho-de-gelado-premium","title":{"rendered":"Carrinho de Gelado Premium"},"content":{"rendered":"","protected":false},"excerpt":{"rendered":"<p><strong>Transforma qualquer espa\u00e7o num ponto de venda de gelados atraente e rent\u00e1vel.<\/strong> O carrinho de gelados Premium combina visibilidade, capacidade de refrigera\u00e7\u00e3o e mobilidade segura para servir gelados e picol\u00e9s com uma apresenta\u00e7\u00e3o impec\u00e1vel em eventos, feiras comerciais e catering.<\/p>\n","protected":false},"featured_media":5446,"comment_status":"open","ping_status":"closed","template":"","meta":{"_acf_changed":false},"product_brand":[],"product_cat":[454,393,401,396,447,397,390],"class_list":{"0":"post-5445","1":"product","2":"type-product","3":"status-publish","4":"has-post-thumbnail","6":"product_cat-carrinho-de-gelado","7":"product_cat-carrinhos-de-aniversario","8":"product_cat-carrinhos-de-comida","9":"product_cat-carrinhos-de-comunhao","10":"product_cat-carrinhos-de-doces","11":"product_cat-carrinhos-de-festa-para-criancas","12":"product_cat-carrinhos-para-eventos","14":"first","15":"instock","16":"taxable","17":"shipping-taxable","18":"product-type-variable","19":"has-default-attributes"},"acf":[],"_links":{"self":[{"href":"https:\/\/todocarritos.com\/pt\/wp-json\/wp\/v2\/product\/5445","targetHints":{"allow":["GET"]}}],"collection":[{"href":"https:\/\/todocarritos.com\/pt\/wp-json\/wp\/v2\/product"}],"about":[{"href":"https:\/\/todocarritos.com\/pt\/wp-json\/wp\/v2\/types\/product"}],"replies":[{"embeddable":true,"href":"https:\/\/todocarritos.com\/pt\/wp-json\/wp\/v2\/comments?post=5445"}],"wp:featuredmedia":[{"embeddable":true,"href":"https:\/\/todocarritos.com\/pt\/wp-json\/wp\/v2\/media\/5446"}],"wp:attachment":[{"href":"https:\/\/todocarritos.com\/pt\/wp-json\/wp\/v2\/media?parent=5445"}],"wp:term":[{"taxonomy":"product_brand","embeddable":true,"href":"https:\/\/todocarritos.com\/pt\/wp-json\/wp\/v2\/product_brand?post=5445"},{"taxonomy":"product_cat","embeddable":true,"href":"https:\/\/todocarritos.com\/pt\/wp-json\/wp\/v2\/product_cat?post=5445"}],"curies":[{"name":"wp","href":"https:\/\/api.w.org\/{rel}","templated":true}]}}