{"id":5439,"date":"2025-08-06T10:09:59","date_gmt":"2025-08-06T08:09:59","guid":{"rendered":"https:\/\/todocarritos.com\/carrinho-de-churros-essencial"},"modified":"2025-09-29T09:57:37","modified_gmt":"2025-09-29T07:57:37","slug":"carrinho-de-churro-essencial","status":"publish","type":"product","link":"https:\/\/todocarritos.com\/pt\/carrinho-de-churro-essencial","title":{"rendered":"Carrinho de Churros Essencial"},"content":{"rendered":"","protected":false},"excerpt":{"rendered":"<p><strong>Come\u00e7a a vender churros onde quer que v\u00e1s, sem complica\u00e7\u00f5es.<\/strong> O carrinho de churros Essential oferece os elementos essenciais para um ponto de venda m\u00f3vel: <strong>cobertura de cor padr\u00e3o<\/strong>, <strong>balc\u00e3o branco ou em a\u00e7o inoxid\u00e1vel<\/strong> e <strong>4 rodas girat\u00f3rias com trav\u00f5es<\/strong> para um funcionamento seguro em eventos, feiras e restaura\u00e7\u00e3o.<\/p>\n","protected":false},"featured_media":5440,"comment_status":"open","ping_status":"closed","template":"","meta":{"_acf_changed":false},"product_brand":[],"product_cat":[455,401,447,389,390],"class_list":{"0":"post-5439","1":"product","2":"type-product","3":"status-publish","4":"has-post-thumbnail","6":"product_cat-carrinho-de-churros-e-seringas","7":"product_cat-carrinhos-de-comida","8":"product_cat-carrinhos-de-doces","9":"product_cat-carrinhos-de-feira","10":"product_cat-carrinhos-para-eventos","12":"first","13":"instock","14":"taxable","15":"shipping-taxable","16":"product-type-simple"},"acf":[],"_links":{"self":[{"href":"https:\/\/todocarritos.com\/pt\/wp-json\/wp\/v2\/product\/5439","targetHints":{"allow":["GET"]}}],"collection":[{"href":"https:\/\/todocarritos.com\/pt\/wp-json\/wp\/v2\/product"}],"about":[{"href":"https:\/\/todocarritos.com\/pt\/wp-json\/wp\/v2\/types\/product"}],"replies":[{"embeddable":true,"href":"https:\/\/todocarritos.com\/pt\/wp-json\/wp\/v2\/comments?post=5439"}],"wp:featuredmedia":[{"embeddable":true,"href":"https:\/\/todocarritos.com\/pt\/wp-json\/wp\/v2\/media\/5440"}],"wp:attachment":[{"href":"https:\/\/todocarritos.com\/pt\/wp-json\/wp\/v2\/media?parent=5439"}],"wp:term":[{"taxonomy":"product_brand","embeddable":true,"href":"https:\/\/todocarritos.com\/pt\/wp-json\/wp\/v2\/product_brand?post=5439"},{"taxonomy":"product_cat","embeddable":true,"href":"https:\/\/todocarritos.com\/pt\/wp-json\/wp\/v2\/product_cat?post=5439"}],"curies":[{"name":"wp","href":"https:\/\/api.w.org\/{rel}","templated":true}]}}