{"id":5436,"date":"2025-08-06T10:10:28","date_gmt":"2025-08-06T08:10:28","guid":{"rendered":"https:\/\/todocarritos.com\/carrinho-de-churros-premium"},"modified":"2025-08-06T10:10:28","modified_gmt":"2025-08-06T08:10:28","slug":"carrinho-de-churros-premium","status":"publish","type":"product","link":"https:\/\/todocarritos.com\/pt\/carrinho-de-churros-premium","title":{"rendered":"Carrinho de Churros Premium"},"content":{"rendered":"","protected":false},"excerpt":{"rendered":"\n<p><strong>Cria a tua loja m\u00f3vel de churros com uma imagem profissional e um fluxo de trabalho \u00e1gil.<\/strong> O carrinho de churros Premium combina <strong>uma cobertura de cor standard<\/strong>, um <strong>balc\u00e3o branco ou em a\u00e7o inoxid\u00e1vel<\/strong> e <strong>rodas anti-perfura\u00e7\u00e3o<\/strong> para vender mais em eventos, feiras e restaura\u00e7\u00e3o.<\/p>\n","protected":false},"featured_media":5437,"comment_status":"open","ping_status":"closed","template":"","meta":{"_acf_changed":false},"product_brand":[],"product_cat":[455,401,447,389,390],"class_list":{"0":"post-5436","1":"product","2":"type-product","3":"status-publish","4":"has-post-thumbnail","6":"product_cat-carrinho-de-churros-e-seringas","7":"product_cat-carrinhos-de-comida","8":"product_cat-carrinhos-de-doces","9":"product_cat-carrinhos-de-feira","10":"product_cat-carrinhos-para-eventos","12":"first","13":"instock","14":"taxable","15":"shipping-taxable","16":"product-type-simple"},"acf":[],"_links":{"self":[{"href":"https:\/\/todocarritos.com\/pt\/wp-json\/wp\/v2\/product\/5436","targetHints":{"allow":["GET"]}}],"collection":[{"href":"https:\/\/todocarritos.com\/pt\/wp-json\/wp\/v2\/product"}],"about":[{"href":"https:\/\/todocarritos.com\/pt\/wp-json\/wp\/v2\/types\/product"}],"replies":[{"embeddable":true,"href":"https:\/\/todocarritos.com\/pt\/wp-json\/wp\/v2\/comments?post=5436"}],"wp:featuredmedia":[{"embeddable":true,"href":"https:\/\/todocarritos.com\/pt\/wp-json\/wp\/v2\/media\/5437"}],"wp:attachment":[{"href":"https:\/\/todocarritos.com\/pt\/wp-json\/wp\/v2\/media?parent=5436"}],"wp:term":[{"taxonomy":"product_brand","embeddable":true,"href":"https:\/\/todocarritos.com\/pt\/wp-json\/wp\/v2\/product_brand?post=5436"},{"taxonomy":"product_cat","embeddable":true,"href":"https:\/\/todocarritos.com\/pt\/wp-json\/wp\/v2\/product_cat?post=5436"}],"curies":[{"name":"wp","href":"https:\/\/api.w.org\/{rel}","templated":true}]}}