{"id":5430,"date":"2025-08-06T10:15:21","date_gmt":"2025-08-06T08:15:21","guid":{"rendered":"https:\/\/todocarritos.com\/carrinho-de-hamburguer-essencial"},"modified":"2025-08-06T10:15:21","modified_gmt":"2025-08-06T08:15:21","slug":"carrinho-de-hamburguer-essencial","status":"publish","type":"product","link":"https:\/\/todocarritos.com\/pt\/carrinho-de-hamburguer-essencial","title":{"rendered":"Carrinho de hamb\u00farguer essencial"},"content":{"rendered":"","protected":false},"excerpt":{"rendered":"\n<p><strong>A tua hamburgueria m\u00f3vel, simples e rent\u00e1vel.<\/strong> O carrinho de hamb\u00fargueres Essential tem tudo o que \u00e9 necess\u00e1rio para vender com agilidade: <strong>cobertura de cor standard<\/strong>, <strong>balc\u00e3o branco ou em a\u00e7o inoxid\u00e1vel<\/strong> e <strong>4 rodas girat\u00f3rias com trav\u00f5es<\/strong> para deslocar e fixar o carrinho com seguran\u00e7a.<\/p>\n","protected":false},"featured_media":5431,"comment_status":"open","ping_status":"closed","template":"","meta":{"_acf_changed":false},"product_brand":[],"product_cat":[407,393,394,395,401,396,389,397,398,402,390],"class_list":{"0":"post-5430","1":"product","2":"type-product","3":"status-publish","4":"has-post-thumbnail","6":"product_cat-carrinho-de-hamburguer","7":"product_cat-carrinhos-de-aniversario","8":"product_cat-carrinhos-de-casamento","9":"product_cat-carrinhos-de-catering","10":"product_cat-carrinhos-de-comida","11":"product_cat-carrinhos-de-comunhao","12":"product_cat-carrinhos-de-feira","13":"product_cat-carrinhos-de-festa-para-criancas","14":"product_cat-carrinhos-de-negocios","15":"product_cat-carrinhos-de-salgados","16":"product_cat-carrinhos-para-eventos","18":"first","19":"instock","20":"taxable","21":"shipping-taxable","22":"product-type-simple"},"acf":[],"_links":{"self":[{"href":"https:\/\/todocarritos.com\/pt\/wp-json\/wp\/v2\/product\/5430","targetHints":{"allow":["GET"]}}],"collection":[{"href":"https:\/\/todocarritos.com\/pt\/wp-json\/wp\/v2\/product"}],"about":[{"href":"https:\/\/todocarritos.com\/pt\/wp-json\/wp\/v2\/types\/product"}],"replies":[{"embeddable":true,"href":"https:\/\/todocarritos.com\/pt\/wp-json\/wp\/v2\/comments?post=5430"}],"wp:featuredmedia":[{"embeddable":true,"href":"https:\/\/todocarritos.com\/pt\/wp-json\/wp\/v2\/media\/5431"}],"wp:attachment":[{"href":"https:\/\/todocarritos.com\/pt\/wp-json\/wp\/v2\/media?parent=5430"}],"wp:term":[{"taxonomy":"product_brand","embeddable":true,"href":"https:\/\/todocarritos.com\/pt\/wp-json\/wp\/v2\/product_brand?post=5430"},{"taxonomy":"product_cat","embeddable":true,"href":"https:\/\/todocarritos.com\/pt\/wp-json\/wp\/v2\/product_cat?post=5430"}],"curies":[{"name":"wp","href":"https:\/\/api.w.org\/{rel}","templated":true}]}}