{"id":5427,"date":"2025-08-06T10:16:07","date_gmt":"2025-08-06T08:16:07","guid":{"rendered":"https:\/\/todocarritos.com\/carrinho-de-hamburgueres-premium"},"modified":"2025-08-06T10:16:07","modified_gmt":"2025-08-06T08:16:07","slug":"carrinho-de-hamburgueres-premium","status":"publish","type":"product","link":"https:\/\/todocarritos.com\/pt\/carrinho-de-hamburgueres-premium","title":{"rendered":"Carrinho de hamb\u00fargueres Premium"},"content":{"rendered":"","protected":false},"excerpt":{"rendered":"\n<p><strong>Cria o teu bar de hamb\u00fargueres m\u00f3vel com uma imagem profissional e um fluxo de trabalho simplificado.<\/strong> O carrinho de hamb\u00fargueres Premium combina <strong>uma cobertura de cor padr\u00e3o<\/strong>, um <strong>balc\u00e3o branco ou em a\u00e7o inoxid\u00e1vel<\/strong> e <strong>rodas resistentes a furos<\/strong> para vender mais em <em>eventos, feiras e catering.<\/em><\/p>\n","protected":false},"featured_media":5428,"comment_status":"open","ping_status":"closed","template":"","meta":{"_acf_changed":false},"product_brand":[],"product_cat":[407,393,394,395,401,396,389,397,398,402,390],"class_list":{"0":"post-5427","1":"product","2":"type-product","3":"status-publish","4":"has-post-thumbnail","6":"product_cat-carrinho-de-hamburguer","7":"product_cat-carrinhos-de-aniversario","8":"product_cat-carrinhos-de-casamento","9":"product_cat-carrinhos-de-catering","10":"product_cat-carrinhos-de-comida","11":"product_cat-carrinhos-de-comunhao","12":"product_cat-carrinhos-de-feira","13":"product_cat-carrinhos-de-festa-para-criancas","14":"product_cat-carrinhos-de-negocios","15":"product_cat-carrinhos-de-salgados","16":"product_cat-carrinhos-para-eventos","18":"first","19":"instock","20":"taxable","21":"shipping-taxable","22":"product-type-simple"},"acf":[],"_links":{"self":[{"href":"https:\/\/todocarritos.com\/pt\/wp-json\/wp\/v2\/product\/5427","targetHints":{"allow":["GET"]}}],"collection":[{"href":"https:\/\/todocarritos.com\/pt\/wp-json\/wp\/v2\/product"}],"about":[{"href":"https:\/\/todocarritos.com\/pt\/wp-json\/wp\/v2\/types\/product"}],"replies":[{"embeddable":true,"href":"https:\/\/todocarritos.com\/pt\/wp-json\/wp\/v2\/comments?post=5427"}],"wp:featuredmedia":[{"embeddable":true,"href":"https:\/\/todocarritos.com\/pt\/wp-json\/wp\/v2\/media\/5428"}],"wp:attachment":[{"href":"https:\/\/todocarritos.com\/pt\/wp-json\/wp\/v2\/media?parent=5427"}],"wp:term":[{"taxonomy":"product_brand","embeddable":true,"href":"https:\/\/todocarritos.com\/pt\/wp-json\/wp\/v2\/product_brand?post=5427"},{"taxonomy":"product_cat","embeddable":true,"href":"https:\/\/todocarritos.com\/pt\/wp-json\/wp\/v2\/product_cat?post=5427"}],"curies":[{"name":"wp","href":"https:\/\/api.w.org\/{rel}","templated":true}]}}