{"id":5405,"date":"2025-09-25T08:55:07","date_gmt":"2025-09-25T06:55:07","guid":{"rendered":"https:\/\/todocarritos.com\/carrinho-de-sorvetes-e-crepes"},"modified":"2025-09-29T09:18:12","modified_gmt":"2025-09-29T07:18:12","slug":"carrinho-de-gelados-e-crepes","status":"publish","type":"product","link":"https:\/\/todocarritos.com\/pt\/carrinho-de-gelados-e-crepes","title":{"rendered":"Carrinho de gelados e crepes"},"content":{"rendered":"","protected":false},"excerpt":{"rendered":"<p><strong>Dupla experi\u00eancia gastron\u00f3mica num \u00fanico carrinho<\/strong>. O <strong>Carrinho de Gelados &amp; Cr\u00eapes<\/strong> combina <strong>versatilidade<\/strong>, <strong>impacto visual<\/strong> e <strong>mobilidade profissional<\/strong>, ideal para casamentos, comunh\u00f5es, feiras e venda ambulante.<\/p>\n","protected":false},"featured_media":5886,"comment_status":"open","ping_status":"closed","template":"","meta":{"_acf_changed":false},"product_brand":[],"product_cat":[454,393,394,395,401,396,450,447,389,397,398,390],"class_list":{"0":"post-5405","1":"product","2":"type-product","3":"status-publish","4":"has-post-thumbnail","6":"product_cat-carrinho-de-gelado","7":"product_cat-carrinhos-de-aniversario","8":"product_cat-carrinhos-de-casamento","9":"product_cat-carrinhos-de-catering","10":"product_cat-carrinhos-de-comida","11":"product_cat-carrinhos-de-comunhao","12":"product_cat-carrinho-de-crepes","13":"product_cat-carrinhos-de-doces","14":"product_cat-carrinhos-de-feira","15":"product_cat-carrinhos-de-festa-para-criancas","16":"product_cat-carrinhos-de-negocios","17":"product_cat-carrinhos-para-eventos","19":"first","20":"instock","21":"taxable","22":"shipping-taxable","23":"product-type-simple"},"acf":[],"_links":{"self":[{"href":"https:\/\/todocarritos.com\/pt\/wp-json\/wp\/v2\/product\/5405","targetHints":{"allow":["GET"]}}],"collection":[{"href":"https:\/\/todocarritos.com\/pt\/wp-json\/wp\/v2\/product"}],"about":[{"href":"https:\/\/todocarritos.com\/pt\/wp-json\/wp\/v2\/types\/product"}],"replies":[{"embeddable":true,"href":"https:\/\/todocarritos.com\/pt\/wp-json\/wp\/v2\/comments?post=5405"}],"wp:featuredmedia":[{"embeddable":true,"href":"https:\/\/todocarritos.com\/pt\/wp-json\/wp\/v2\/media\/5886"}],"wp:attachment":[{"href":"https:\/\/todocarritos.com\/pt\/wp-json\/wp\/v2\/media?parent=5405"}],"wp:term":[{"taxonomy":"product_brand","embeddable":true,"href":"https:\/\/todocarritos.com\/pt\/wp-json\/wp\/v2\/product_brand?post=5405"},{"taxonomy":"product_cat","embeddable":true,"href":"https:\/\/todocarritos.com\/pt\/wp-json\/wp\/v2\/product_cat?post=5405"}],"curies":[{"name":"wp","href":"https:\/\/api.w.org\/{rel}","templated":true}]}}