{"id":5401,"date":"2025-09-25T09:30:47","date_gmt":"2025-09-25T07:30:47","guid":{"rendered":"https:\/\/todocarritos.com\/maquina-de-2-waffles-pekin-wf-2210"},"modified":"2025-09-25T09:30:47","modified_gmt":"2025-09-25T07:30:47","slug":"maquina-de-2-waffles-pekin-wf-2210","status":"publish","type":"product","link":"https:\/\/todocarritos.com\/pt\/maquina-de-2-waffles-pekin-wf-2210","title":{"rendered":"M\u00e1quina de 2 waffles Pek\u00edn WF-2210"},"content":{"rendered":"","protected":false},"excerpt":{"rendered":"<p><strong>Prepare waffles perfeitos no seu neg\u00f3cio de hotelaria<\/strong>. A <strong>M\u00e1quina de Waffles El\u00e9trica 2 Waffles Pek\u00edn WF-2210<\/strong> combina <strong>pot\u00eancia profissional<\/strong>, <strong>placas de ferro fundido esmaltado<\/strong> e <strong>controlo de temperatura<\/strong> para resultados uniformes e de qualidade.<\/p>\n","protected":false},"featured_media":5978,"comment_status":"open","ping_status":"closed","template":"","meta":{"_acf_changed":false},"product_brand":[],"product_cat":[460],"class_list":{"0":"post-5401","1":"product","2":"type-product","3":"status-publish","4":"has-post-thumbnail","6":"product_cat-acessorios","8":"first","9":"instock","10":"taxable","11":"shipping-taxable","12":"product-type-simple"},"acf":[],"_links":{"self":[{"href":"https:\/\/todocarritos.com\/pt\/wp-json\/wp\/v2\/product\/5401","targetHints":{"allow":["GET"]}}],"collection":[{"href":"https:\/\/todocarritos.com\/pt\/wp-json\/wp\/v2\/product"}],"about":[{"href":"https:\/\/todocarritos.com\/pt\/wp-json\/wp\/v2\/types\/product"}],"replies":[{"embeddable":true,"href":"https:\/\/todocarritos.com\/pt\/wp-json\/wp\/v2\/comments?post=5401"}],"wp:featuredmedia":[{"embeddable":true,"href":"https:\/\/todocarritos.com\/pt\/wp-json\/wp\/v2\/media\/5978"}],"wp:attachment":[{"href":"https:\/\/todocarritos.com\/pt\/wp-json\/wp\/v2\/media?parent=5401"}],"wp:term":[{"taxonomy":"product_brand","embeddable":true,"href":"https:\/\/todocarritos.com\/pt\/wp-json\/wp\/v2\/product_brand?post=5401"},{"taxonomy":"product_cat","embeddable":true,"href":"https:\/\/todocarritos.com\/pt\/wp-json\/wp\/v2\/product_cat?post=5401"}],"curies":[{"name":"wp","href":"https:\/\/api.w.org\/{rel}","templated":true}]}}