{"id":5392,"date":"2025-09-25T09:35:13","date_gmt":"2025-09-25T07:35:13","guid":{"rendered":"https:\/\/todocarritos.com\/cachorro-quente-ou-maquina-de-cachorro-quente"},"modified":"2025-09-25T09:35:13","modified_gmt":"2025-09-25T07:35:13","slug":"cachorro-quente-ou-maquina-de-cachorro-quente","status":"publish","type":"product","link":"https:\/\/todocarritos.com\/pt\/cachorro-quente-ou-maquina-de-cachorro-quente","title":{"rendered":"Cachorro-quente ou m\u00e1quina de cachorro-quente"},"content":{"rendered":"","protected":false},"excerpt":{"rendered":"<p><strong>Prepare cachorros-quentes perfeitos em todos os momentos<\/strong>. A <strong>M\u00e1quina de Cachorros-Quentes Profissional FY-1P-E<\/strong> combina <strong>alta capacidade<\/strong>, <strong>a\u00e7o inoxid\u00e1vel dur\u00e1vel<\/strong> e <strong>temperatura constante<\/strong>, ideal para hotelaria, food trucks e eventos.<\/p>\n","protected":false},"featured_media":7360,"comment_status":"open","ping_status":"closed","template":"","meta":{"_acf_changed":false},"product_brand":[],"product_cat":[460],"class_list":{"0":"post-5392","1":"product","2":"type-product","3":"status-publish","4":"has-post-thumbnail","6":"product_cat-acessorios","8":"first","9":"instock","10":"taxable","11":"shipping-taxable","12":"product-type-simple"},"acf":[],"_links":{"self":[{"href":"https:\/\/todocarritos.com\/pt\/wp-json\/wp\/v2\/product\/5392","targetHints":{"allow":["GET"]}}],"collection":[{"href":"https:\/\/todocarritos.com\/pt\/wp-json\/wp\/v2\/product"}],"about":[{"href":"https:\/\/todocarritos.com\/pt\/wp-json\/wp\/v2\/types\/product"}],"replies":[{"embeddable":true,"href":"https:\/\/todocarritos.com\/pt\/wp-json\/wp\/v2\/comments?post=5392"}],"wp:featuredmedia":[{"embeddable":true,"href":"https:\/\/todocarritos.com\/pt\/wp-json\/wp\/v2\/media\/7360"}],"wp:attachment":[{"href":"https:\/\/todocarritos.com\/pt\/wp-json\/wp\/v2\/media?parent=5392"}],"wp:term":[{"taxonomy":"product_brand","embeddable":true,"href":"https:\/\/todocarritos.com\/pt\/wp-json\/wp\/v2\/product_brand?post=5392"},{"taxonomy":"product_cat","embeddable":true,"href":"https:\/\/todocarritos.com\/pt\/wp-json\/wp\/v2\/product_cat?post=5392"}],"curies":[{"name":"wp","href":"https:\/\/api.w.org\/{rel}","templated":true}]}}