{"id":5388,"date":"2025-09-25T09:38:02","date_gmt":"2025-09-25T07:38:02","guid":{"rendered":"https:\/\/todocarritos.com\/estande-mini-feira-essencial"},"modified":"2025-09-25T09:38:02","modified_gmt":"2025-09-25T07:38:02","slug":"estande-mini-feira-essencial","status":"publish","type":"product","link":"https:\/\/todocarritos.com\/pt\/estande-mini-feira-essencial","title":{"rendered":"Estande Mini Feira Essencial"},"content":{"rendered":"","protected":false},"excerpt":{"rendered":"<p><strong>Transforme o seu evento numa verdadeira feira<\/strong>. O <strong>Mini Stande Essential<\/strong> combina <strong>entretenimento para todas as idades<\/strong>, <strong>design resistente<\/strong> e <strong>montagem simples<\/strong>, ideal para casamentos, comunh\u00f5es, anivers\u00e1rios e celebra\u00e7\u00f5es familiares.<\/p>\n","protected":false},"featured_media":6020,"comment_status":"open","ping_status":"closed","template":"","meta":{"_acf_changed":false},"product_brand":[],"product_cat":[390,457],"class_list":{"0":"post-5388","1":"product","2":"type-product","3":"status-publish","4":"has-post-thumbnail","6":"product_cat-carrinhos-para-eventos","7":"product_cat-mini-feira-stand","9":"first","10":"instock","11":"taxable","12":"shipping-taxable","13":"product-type-simple"},"acf":[],"_links":{"self":[{"href":"https:\/\/todocarritos.com\/pt\/wp-json\/wp\/v2\/product\/5388","targetHints":{"allow":["GET"]}}],"collection":[{"href":"https:\/\/todocarritos.com\/pt\/wp-json\/wp\/v2\/product"}],"about":[{"href":"https:\/\/todocarritos.com\/pt\/wp-json\/wp\/v2\/types\/product"}],"replies":[{"embeddable":true,"href":"https:\/\/todocarritos.com\/pt\/wp-json\/wp\/v2\/comments?post=5388"}],"wp:featuredmedia":[{"embeddable":true,"href":"https:\/\/todocarritos.com\/pt\/wp-json\/wp\/v2\/media\/6020"}],"wp:attachment":[{"href":"https:\/\/todocarritos.com\/pt\/wp-json\/wp\/v2\/media?parent=5388"}],"wp:term":[{"taxonomy":"product_brand","embeddable":true,"href":"https:\/\/todocarritos.com\/pt\/wp-json\/wp\/v2\/product_brand?post=5388"},{"taxonomy":"product_cat","embeddable":true,"href":"https:\/\/todocarritos.com\/pt\/wp-json\/wp\/v2\/product_cat?post=5388"}],"curies":[{"name":"wp","href":"https:\/\/api.w.org\/{rel}","templated":true}]}}