{"id":5376,"date":"2025-09-25T09:42:51","date_gmt":"2025-09-25T07:42:51","guid":{"rendered":"https:\/\/todocarritos.com\/chapa-eletrica-profissional-pekin-eg-8"},"modified":"2025-09-25T09:42:51","modified_gmt":"2025-09-25T07:42:51","slug":"chapa-eletrica-profissional-pekin-eg-8","status":"publish","type":"product","link":"https:\/\/todocarritos.com\/pt\/chapa-eletrica-profissional-pekin-eg-8","title":{"rendered":"Chapa el\u00e9trica profissional Pek\u00edn EG-8"},"content":{"rendered":"","protected":false},"excerpt":{"rendered":"<p><strong>Cozinhe com precis\u00e3o e rapidez em qualquer ambiente<\/strong>. A <strong>Chapa El\u00e9trica Profissional Pek\u00edn EG-8<\/strong> oferece <strong>alta durabilidade<\/strong>, <strong>temperatura regul\u00e1vel<\/strong> e <strong>limpeza f\u00e1cil<\/strong>, ideal para restaurantes, bares e barracas de comida ambulantes.<\/p>\n","protected":false},"featured_media":6034,"comment_status":"open","ping_status":"closed","template":"","meta":{"_acf_changed":false},"product_brand":[],"product_cat":[460],"class_list":{"0":"post-5376","1":"product","2":"type-product","3":"status-publish","4":"has-post-thumbnail","6":"product_cat-acessorios","8":"first","9":"instock","10":"taxable","11":"shipping-taxable","12":"product-type-simple"},"acf":[],"_links":{"self":[{"href":"https:\/\/todocarritos.com\/pt\/wp-json\/wp\/v2\/product\/5376","targetHints":{"allow":["GET"]}}],"collection":[{"href":"https:\/\/todocarritos.com\/pt\/wp-json\/wp\/v2\/product"}],"about":[{"href":"https:\/\/todocarritos.com\/pt\/wp-json\/wp\/v2\/types\/product"}],"replies":[{"embeddable":true,"href":"https:\/\/todocarritos.com\/pt\/wp-json\/wp\/v2\/comments?post=5376"}],"wp:featuredmedia":[{"embeddable":true,"href":"https:\/\/todocarritos.com\/pt\/wp-json\/wp\/v2\/media\/6034"}],"wp:attachment":[{"href":"https:\/\/todocarritos.com\/pt\/wp-json\/wp\/v2\/media?parent=5376"}],"wp:term":[{"taxonomy":"product_brand","embeddable":true,"href":"https:\/\/todocarritos.com\/pt\/wp-json\/wp\/v2\/product_brand?post=5376"},{"taxonomy":"product_cat","embeddable":true,"href":"https:\/\/todocarritos.com\/pt\/wp-json\/wp\/v2\/product_cat?post=5376"}],"curies":[{"name":"wp","href":"https:\/\/api.w.org\/{rel}","templated":true}]}}