{"id":5362,"date":"2025-09-25T08:22:50","date_gmt":"2025-09-25T06:22:50","guid":{"rendered":"https:\/\/todocarritos.com\/arca-congeladora-idf-1"},"modified":"2025-09-25T08:22:50","modified_gmt":"2025-09-25T06:22:50","slug":"arca-congeladora-idf-1","status":"publish","type":"product","link":"https:\/\/todocarritos.com\/pt\/arca-congeladora-idf-1","title":{"rendered":"Arca Congeladora IDF-1"},"content":{"rendered":"","protected":false},"excerpt":{"rendered":"<p><strong>Armazene e conserve os seus alimentos de forma eficiente<\/strong>. O <strong>congelador SD\/SC-205Y <\/strong>oferece grande <strong>capacidade<\/strong>, <strong>efici\u00eancia energ\u00e9tica<\/strong> e <strong>organiza\u00e7\u00e3o pr\u00e1tica <\/strong>num design compacto, ideal para resid\u00eancias, empresas de alimenta\u00e7\u00e3o e catering.<\/p>\n","protected":false},"featured_media":7330,"comment_status":"open","ping_status":"closed","template":"","meta":{"_acf_changed":false},"product_brand":[],"product_cat":[460],"class_list":{"0":"post-5362","1":"product","2":"type-product","3":"status-publish","4":"has-post-thumbnail","6":"product_cat-acessorios","8":"first","9":"instock","10":"taxable","11":"shipping-taxable","12":"product-type-simple"},"acf":[],"_links":{"self":[{"href":"https:\/\/todocarritos.com\/pt\/wp-json\/wp\/v2\/product\/5362","targetHints":{"allow":["GET"]}}],"collection":[{"href":"https:\/\/todocarritos.com\/pt\/wp-json\/wp\/v2\/product"}],"about":[{"href":"https:\/\/todocarritos.com\/pt\/wp-json\/wp\/v2\/types\/product"}],"replies":[{"embeddable":true,"href":"https:\/\/todocarritos.com\/pt\/wp-json\/wp\/v2\/comments?post=5362"}],"wp:featuredmedia":[{"embeddable":true,"href":"https:\/\/todocarritos.com\/pt\/wp-json\/wp\/v2\/media\/7330"}],"wp:attachment":[{"href":"https:\/\/todocarritos.com\/pt\/wp-json\/wp\/v2\/media?parent=5362"}],"wp:term":[{"taxonomy":"product_brand","embeddable":true,"href":"https:\/\/todocarritos.com\/pt\/wp-json\/wp\/v2\/product_brand?post=5362"},{"taxonomy":"product_cat","embeddable":true,"href":"https:\/\/todocarritos.com\/pt\/wp-json\/wp\/v2\/product_cat?post=5362"}],"curies":[{"name":"wp","href":"https:\/\/api.w.org\/{rel}","templated":true}]}}