{"id":4627,"date":"2025-08-06T10:16:26","date_gmt":"2025-08-06T08:16:26","guid":{"rendered":"https:\/\/todocarritos.com\/carrinho-de-hamburgueres-deluxe"},"modified":"2025-09-26T13:13:49","modified_gmt":"2025-09-26T11:13:49","slug":"carrinho-de-hamburgueres-deluxe","status":"publish","type":"product","link":"https:\/\/todocarritos.com\/pt\/carrinho-de-hamburgueres-deluxe","title":{"rendered":"Carrinho de hamb\u00fargueres Deluxe"},"content":{"rendered":"","protected":false},"excerpt":{"rendered":"\n<p><strong>Transforma qualquer espa\u00e7o num bar de hamb\u00fargueres m\u00f3vel de grande impacto.<\/strong>  O carrinho de hamb\u00fargueres Deluxe combina visibilidade da marca, superf\u00edcie de trabalho higi\u00e9nica e mobilidade profissional para vender mais em eventos, feiras comerciais e catering.<\/p>\n","protected":false},"featured_media":4628,"comment_status":"open","ping_status":"closed","template":"","meta":{"_acf_changed":false},"product_brand":[],"product_cat":[407,393,394,395,401,396,389,397,398,402,390],"class_list":{"0":"post-4627","1":"product","2":"type-product","3":"status-publish","4":"has-post-thumbnail","6":"product_cat-carrinho-de-hamburguer","7":"product_cat-carrinhos-de-aniversario","8":"product_cat-carrinhos-de-casamento","9":"product_cat-carrinhos-de-catering","10":"product_cat-carrinhos-de-comida","11":"product_cat-carrinhos-de-comunhao","12":"product_cat-carrinhos-de-feira","13":"product_cat-carrinhos-de-festa-para-criancas","14":"product_cat-carrinhos-de-negocios","15":"product_cat-carrinhos-de-salgados","16":"product_cat-carrinhos-para-eventos","18":"first","19":"instock","20":"taxable","21":"shipping-taxable","22":"product-type-simple"},"acf":[],"_links":{"self":[{"href":"https:\/\/todocarritos.com\/pt\/wp-json\/wp\/v2\/product\/4627","targetHints":{"allow":["GET"]}}],"collection":[{"href":"https:\/\/todocarritos.com\/pt\/wp-json\/wp\/v2\/product"}],"about":[{"href":"https:\/\/todocarritos.com\/pt\/wp-json\/wp\/v2\/types\/product"}],"replies":[{"embeddable":true,"href":"https:\/\/todocarritos.com\/pt\/wp-json\/wp\/v2\/comments?post=4627"}],"wp:featuredmedia":[{"embeddable":true,"href":"https:\/\/todocarritos.com\/pt\/wp-json\/wp\/v2\/media\/4628"}],"wp:attachment":[{"href":"https:\/\/todocarritos.com\/pt\/wp-json\/wp\/v2\/media?parent=4627"}],"wp:term":[{"taxonomy":"product_brand","embeddable":true,"href":"https:\/\/todocarritos.com\/pt\/wp-json\/wp\/v2\/product_brand?post=4627"},{"taxonomy":"product_cat","embeddable":true,"href":"https:\/\/todocarritos.com\/pt\/wp-json\/wp\/v2\/product_cat?post=4627"}],"curies":[{"name":"wp","href":"https:\/\/api.w.org\/{rel}","templated":true}]}}