{"id":4624,"date":"2025-08-06T10:17:03","date_gmt":"2025-08-06T08:17:03","guid":{"rendered":"https:\/\/todocarritos.com\/carrinho-de-cachorros-quentes-premium"},"modified":"2025-09-29T10:03:31","modified_gmt":"2025-09-29T08:03:31","slug":"carrinho-hotdog-premium","status":"publish","type":"product","link":"https:\/\/todocarritos.com\/pt\/carrinho-hotdog-premium","title":{"rendered":"Carrinho Premium HotDog"},"content":{"rendered":"","protected":false},"excerpt":{"rendered":"<p><strong>Serve cachorros quentes com ritmo e uma imagem profissional em qualquer evento.<\/strong> O carrinho de cachorros-quentes Premium combina mobilidade segura, superf\u00edcie higi\u00e9nica e visibilidade da marca para converter mais vendas em feiras comerciais, festivais e restaura\u00e7\u00e3o.<\/p>\n","protected":false},"featured_media":6903,"comment_status":"open","ping_status":"closed","template":"","meta":{"_acf_changed":false},"product_brand":[],"product_cat":[406,393,394,395,401,396,389,397,398,402,390],"class_list":{"0":"post-4624","1":"product","2":"type-product","3":"status-publish","4":"has-post-thumbnail","6":"product_cat-carrinho-de-cachorro-quente","7":"product_cat-carrinhos-de-aniversario","8":"product_cat-carrinhos-de-casamento","9":"product_cat-carrinhos-de-catering","10":"product_cat-carrinhos-de-comida","11":"product_cat-carrinhos-de-comunhao","12":"product_cat-carrinhos-de-feira","13":"product_cat-carrinhos-de-festa-para-criancas","14":"product_cat-carrinhos-de-negocios","15":"product_cat-carrinhos-de-salgados","16":"product_cat-carrinhos-para-eventos","18":"first","19":"instock","20":"taxable","21":"shipping-taxable","22":"product-type-simple"},"acf":[],"_links":{"self":[{"href":"https:\/\/todocarritos.com\/pt\/wp-json\/wp\/v2\/product\/4624","targetHints":{"allow":["GET"]}}],"collection":[{"href":"https:\/\/todocarritos.com\/pt\/wp-json\/wp\/v2\/product"}],"about":[{"href":"https:\/\/todocarritos.com\/pt\/wp-json\/wp\/v2\/types\/product"}],"replies":[{"embeddable":true,"href":"https:\/\/todocarritos.com\/pt\/wp-json\/wp\/v2\/comments?post=4624"}],"wp:featuredmedia":[{"embeddable":true,"href":"https:\/\/todocarritos.com\/pt\/wp-json\/wp\/v2\/media\/6903"}],"wp:attachment":[{"href":"https:\/\/todocarritos.com\/pt\/wp-json\/wp\/v2\/media?parent=4624"}],"wp:term":[{"taxonomy":"product_brand","embeddable":true,"href":"https:\/\/todocarritos.com\/pt\/wp-json\/wp\/v2\/product_brand?post=4624"},{"taxonomy":"product_cat","embeddable":true,"href":"https:\/\/todocarritos.com\/pt\/wp-json\/wp\/v2\/product_cat?post=4624"}],"curies":[{"name":"wp","href":"https:\/\/api.w.org\/{rel}","templated":true}]}}