{"id":4618,"date":"2025-08-06T10:20:11","date_gmt":"2025-08-06T08:20:11","guid":{"rendered":"https:\/\/todocarritos.com\/carrinho-de-nacho-premium"},"modified":"2025-09-26T13:13:48","modified_gmt":"2025-09-26T11:13:48","slug":"carrinho-de-nacho-premium","status":"publish","type":"product","link":"https:\/\/todocarritos.com\/pt\/carrinho-de-nacho-premium","title":{"rendered":"Carrinho de Nacho Premium"},"content":{"rendered":"","protected":false},"excerpt":{"rendered":"\n<p><strong>Vende mais nachos com um ponto de venda m\u00f3vel, vis\u00edvel e eficiente.<\/strong> O carrinho de nachos Premium combina <strong>uma cobertura de cor padr\u00e3o<\/strong>, um <strong>balc\u00e3o branco ou em a\u00e7o inoxid\u00e1vel<\/strong> e <strong>rodas \u00e0 prova de furos<\/strong> para um servi\u00e7o r\u00e1pido em eventos, feiras comerciais e catering.<\/p>\n","protected":false},"featured_media":4619,"comment_status":"open","ping_status":"closed","template":"","meta":{"_acf_changed":false},"product_brand":[],"product_cat":[405,393,394,395,401,396,389,397,398,402,390],"class_list":{"0":"post-4618","1":"product","2":"type-product","3":"status-publish","4":"has-post-thumbnail","6":"product_cat-carrinho-de-nachos","7":"product_cat-carrinhos-de-aniversario","8":"product_cat-carrinhos-de-casamento","9":"product_cat-carrinhos-de-catering","10":"product_cat-carrinhos-de-comida","11":"product_cat-carrinhos-de-comunhao","12":"product_cat-carrinhos-de-feira","13":"product_cat-carrinhos-de-festa-para-criancas","14":"product_cat-carrinhos-de-negocios","15":"product_cat-carrinhos-de-salgados","16":"product_cat-carrinhos-para-eventos","18":"first","19":"instock","20":"taxable","21":"shipping-taxable","22":"product-type-simple"},"acf":[],"_links":{"self":[{"href":"https:\/\/todocarritos.com\/pt\/wp-json\/wp\/v2\/product\/4618","targetHints":{"allow":["GET"]}}],"collection":[{"href":"https:\/\/todocarritos.com\/pt\/wp-json\/wp\/v2\/product"}],"about":[{"href":"https:\/\/todocarritos.com\/pt\/wp-json\/wp\/v2\/types\/product"}],"replies":[{"embeddable":true,"href":"https:\/\/todocarritos.com\/pt\/wp-json\/wp\/v2\/comments?post=4618"}],"wp:featuredmedia":[{"embeddable":true,"href":"https:\/\/todocarritos.com\/pt\/wp-json\/wp\/v2\/media\/4619"}],"wp:attachment":[{"href":"https:\/\/todocarritos.com\/pt\/wp-json\/wp\/v2\/media?parent=4618"}],"wp:term":[{"taxonomy":"product_brand","embeddable":true,"href":"https:\/\/todocarritos.com\/pt\/wp-json\/wp\/v2\/product_brand?post=4618"},{"taxonomy":"product_cat","embeddable":true,"href":"https:\/\/todocarritos.com\/pt\/wp-json\/wp\/v2\/product_cat?post=4618"}],"curies":[{"name":"wp","href":"https:\/\/api.w.org\/{rel}","templated":true}]}}