{"id":4611,"date":"2025-08-06T10:26:06","date_gmt":"2025-08-06T08:26:06","guid":{"rendered":"https:\/\/todocarritos.com\/carrinho-de-pizza-essencial"},"modified":"2025-09-26T13:13:45","modified_gmt":"2025-09-26T11:13:45","slug":"carrinho-de-pizza-essencial","status":"publish","type":"product","link":"https:\/\/todocarritos.com\/pt\/carrinho-de-pizza-essencial","title":{"rendered":"Carrinho de Pizza Essencial"},"content":{"rendered":"","protected":false},"excerpt":{"rendered":"\n<p><strong>Monta a tua pizzaria m\u00f3vel sem complica\u00e7\u00f5es.<\/strong> O Essential Pizza Trolley tem todos os elementos essenciais para preparar e servir pizzas em eventos, esplanadas e feiras comerciais: <strong>cobertura de cor padr\u00e3o<\/strong>, <strong>balc\u00e3o branco ou em a\u00e7o inoxid\u00e1vel<\/strong> e <strong>4 rodas girat\u00f3rias com trav\u00f5es<\/strong> para uma mobilidade segura.<\/p>\n","protected":false},"featured_media":4612,"comment_status":"open","ping_status":"closed","template":"","meta":{"_acf_changed":false},"product_brand":[],"product_cat":[393,401,396,389,397,404,402,390],"class_list":{"0":"post-4611","1":"product","2":"type-product","3":"status-publish","4":"has-post-thumbnail","6":"product_cat-carrinhos-de-aniversario","7":"product_cat-carrinhos-de-comida","8":"product_cat-carrinhos-de-comunhao","9":"product_cat-carrinhos-de-feira","10":"product_cat-carrinhos-de-festa-para-criancas","11":"product_cat-carrinhos-de-pizza","12":"product_cat-carrinhos-de-salgados","13":"product_cat-carrinhos-para-eventos","15":"first","16":"instock","17":"taxable","18":"shipping-taxable","19":"product-type-simple"},"acf":[],"_links":{"self":[{"href":"https:\/\/todocarritos.com\/pt\/wp-json\/wp\/v2\/product\/4611","targetHints":{"allow":["GET"]}}],"collection":[{"href":"https:\/\/todocarritos.com\/pt\/wp-json\/wp\/v2\/product"}],"about":[{"href":"https:\/\/todocarritos.com\/pt\/wp-json\/wp\/v2\/types\/product"}],"replies":[{"embeddable":true,"href":"https:\/\/todocarritos.com\/pt\/wp-json\/wp\/v2\/comments?post=4611"}],"wp:featuredmedia":[{"embeddable":true,"href":"https:\/\/todocarritos.com\/pt\/wp-json\/wp\/v2\/media\/4612"}],"wp:attachment":[{"href":"https:\/\/todocarritos.com\/pt\/wp-json\/wp\/v2\/media?parent=4611"}],"wp:term":[{"taxonomy":"product_brand","embeddable":true,"href":"https:\/\/todocarritos.com\/pt\/wp-json\/wp\/v2\/product_brand?post=4611"},{"taxonomy":"product_cat","embeddable":true,"href":"https:\/\/todocarritos.com\/pt\/wp-json\/wp\/v2\/product_cat?post=4611"}],"curies":[{"name":"wp","href":"https:\/\/api.w.org\/{rel}","templated":true}]}}