{"id":4602,"date":"2025-08-06T10:27:37","date_gmt":"2025-08-06T08:27:37","guid":{"rendered":"https:\/\/todocarritos.com\/carrinho-de-sushi-essencial"},"modified":"2025-09-26T13:13:44","modified_gmt":"2025-09-26T11:13:44","slug":"carrinho-de-sushi-essencial","status":"publish","type":"product","link":"https:\/\/todocarritos.com\/pt\/carrinho-de-sushi-essencial","title":{"rendered":"Carrinho de Sushi Essencial"},"content":{"rendered":"","protected":false},"excerpt":{"rendered":"\n<p><strong>O teu sushi bar m\u00f3vel, simples e eficaz para come\u00e7ar a vender hoje mesmo.<\/strong> O Essential Sushi Trolley tem tudo o que \u00e9 essencial: <strong>cobertura de cor standard<\/strong>, <strong>balc\u00e3o branco ou em a\u00e7o inoxid\u00e1vel<\/strong> e <strong>4 rodas girat\u00f3rias com trav\u00f5es<\/strong> para funcionar com agilidade em eventos, esplanadas e caterings.<\/p>\n","protected":false},"featured_media":4603,"comment_status":"open","ping_status":"closed","template":"","meta":{"_acf_changed":false},"product_brand":[],"product_cat":[394,395,401,398,402,403,390],"class_list":{"0":"post-4602","1":"product","2":"type-product","3":"status-publish","4":"has-post-thumbnail","6":"product_cat-carrinhos-de-casamento","7":"product_cat-carrinhos-de-catering","8":"product_cat-carrinhos-de-comida","9":"product_cat-carrinhos-de-negocios","10":"product_cat-carrinhos-de-salgados","11":"product_cat-carrinhos-de-sushi","12":"product_cat-carrinhos-para-eventos","14":"first","15":"instock","16":"taxable","17":"shipping-taxable","18":"product-type-simple"},"acf":[],"_links":{"self":[{"href":"https:\/\/todocarritos.com\/pt\/wp-json\/wp\/v2\/product\/4602","targetHints":{"allow":["GET"]}}],"collection":[{"href":"https:\/\/todocarritos.com\/pt\/wp-json\/wp\/v2\/product"}],"about":[{"href":"https:\/\/todocarritos.com\/pt\/wp-json\/wp\/v2\/types\/product"}],"replies":[{"embeddable":true,"href":"https:\/\/todocarritos.com\/pt\/wp-json\/wp\/v2\/comments?post=4602"}],"wp:featuredmedia":[{"embeddable":true,"href":"https:\/\/todocarritos.com\/pt\/wp-json\/wp\/v2\/media\/4603"}],"wp:attachment":[{"href":"https:\/\/todocarritos.com\/pt\/wp-json\/wp\/v2\/media?parent=4602"}],"wp:term":[{"taxonomy":"product_brand","embeddable":true,"href":"https:\/\/todocarritos.com\/pt\/wp-json\/wp\/v2\/product_brand?post=4602"},{"taxonomy":"product_cat","embeddable":true,"href":"https:\/\/todocarritos.com\/pt\/wp-json\/wp\/v2\/product_cat?post=4602"}],"curies":[{"name":"wp","href":"https:\/\/api.w.org\/{rel}","templated":true}]}}