{"id":4599,"date":"2025-08-06T10:28:29","date_gmt":"2025-08-06T08:28:29","guid":{"rendered":"https:\/\/todocarritos.com\/carrinho-de-sushi-premium"},"modified":"2025-09-26T13:13:44","modified_gmt":"2025-09-26T11:13:44","slug":"carrinho-de-sushi-premium","status":"publish","type":"product","link":"https:\/\/todocarritos.com\/pt\/carrinho-de-sushi-premium","title":{"rendered":"Carrinho de Sushi Premium"},"content":{"rendered":"","protected":false},"excerpt":{"rendered":"\n<p><strong>Melhora o teu servi\u00e7o com um sushi bar m\u00f3vel, eficiente e pronto a vender.<\/strong>  O Premium Sushi Trolley combina visibilidade, arruma\u00e7\u00e3o e mobilidade segura para preparar e servir sushi com uma imagem profissional em eventos, hot\u00e9is e pop-ups.<\/p>\n","protected":false},"featured_media":4600,"comment_status":"open","ping_status":"closed","template":"","meta":{"_acf_changed":false},"product_brand":[],"product_cat":[394,395,401,398,402,403,390],"class_list":{"0":"post-4599","1":"product","2":"type-product","3":"status-publish","4":"has-post-thumbnail","6":"product_cat-carrinhos-de-casamento","7":"product_cat-carrinhos-de-catering","8":"product_cat-carrinhos-de-comida","9":"product_cat-carrinhos-de-negocios","10":"product_cat-carrinhos-de-salgados","11":"product_cat-carrinhos-de-sushi","12":"product_cat-carrinhos-para-eventos","14":"first","15":"instock","16":"taxable","17":"shipping-taxable","18":"product-type-simple"},"acf":[],"_links":{"self":[{"href":"https:\/\/todocarritos.com\/pt\/wp-json\/wp\/v2\/product\/4599","targetHints":{"allow":["GET"]}}],"collection":[{"href":"https:\/\/todocarritos.com\/pt\/wp-json\/wp\/v2\/product"}],"about":[{"href":"https:\/\/todocarritos.com\/pt\/wp-json\/wp\/v2\/types\/product"}],"replies":[{"embeddable":true,"href":"https:\/\/todocarritos.com\/pt\/wp-json\/wp\/v2\/comments?post=4599"}],"wp:featuredmedia":[{"embeddable":true,"href":"https:\/\/todocarritos.com\/pt\/wp-json\/wp\/v2\/media\/4600"}],"wp:attachment":[{"href":"https:\/\/todocarritos.com\/pt\/wp-json\/wp\/v2\/media?parent=4599"}],"wp:term":[{"taxonomy":"product_brand","embeddable":true,"href":"https:\/\/todocarritos.com\/pt\/wp-json\/wp\/v2\/product_brand?post=4599"},{"taxonomy":"product_cat","embeddable":true,"href":"https:\/\/todocarritos.com\/pt\/wp-json\/wp\/v2\/product_cat?post=4599"}],"curies":[{"name":"wp","href":"https:\/\/api.w.org\/{rel}","templated":true}]}}