{"id":4596,"date":"2025-08-06T10:34:27","date_gmt":"2025-08-06T08:34:27","guid":{"rendered":"https:\/\/todocarritos.com\/carrinho-de-sushi-deluxe"},"modified":"2025-09-26T13:13:43","modified_gmt":"2025-09-26T11:13:43","slug":"carrinho-de-sushi-deluxe","status":"publish","type":"product","link":"https:\/\/todocarritos.com\/pt\/carrinho-de-sushi-deluxe","title":{"rendered":"Carrinho de Sushi Deluxe"},"content":{"rendered":"","protected":false},"excerpt":{"rendered":"\n<p><strong>Apresenta o teu sushi bar em qualquer evento com um ponto de venda m\u00f3vel, vis\u00edvel e profissional.<\/strong>  O Deluxe Sushi Trolley combina est\u00e9tica, mobilidade e espa\u00e7o de trabalho para servir sushi fresco de forma r\u00e1pida e organizada.<\/p>\n","protected":false},"featured_media":4597,"comment_status":"open","ping_status":"closed","template":"","meta":{"_acf_changed":false},"product_brand":[],"product_cat":[394,395,401,398,402,403,390],"class_list":{"0":"post-4596","1":"product","2":"type-product","3":"status-publish","4":"has-post-thumbnail","6":"product_cat-carrinhos-de-casamento","7":"product_cat-carrinhos-de-catering","8":"product_cat-carrinhos-de-comida","9":"product_cat-carrinhos-de-negocios","10":"product_cat-carrinhos-de-salgados","11":"product_cat-carrinhos-de-sushi","12":"product_cat-carrinhos-para-eventos","14":"first","15":"instock","16":"taxable","17":"shipping-taxable","18":"product-type-simple"},"acf":[],"_links":{"self":[{"href":"https:\/\/todocarritos.com\/pt\/wp-json\/wp\/v2\/product\/4596","targetHints":{"allow":["GET"]}}],"collection":[{"href":"https:\/\/todocarritos.com\/pt\/wp-json\/wp\/v2\/product"}],"about":[{"href":"https:\/\/todocarritos.com\/pt\/wp-json\/wp\/v2\/types\/product"}],"replies":[{"embeddable":true,"href":"https:\/\/todocarritos.com\/pt\/wp-json\/wp\/v2\/comments?post=4596"}],"wp:featuredmedia":[{"embeddable":true,"href":"https:\/\/todocarritos.com\/pt\/wp-json\/wp\/v2\/media\/4597"}],"wp:attachment":[{"href":"https:\/\/todocarritos.com\/pt\/wp-json\/wp\/v2\/media?parent=4596"}],"wp:term":[{"taxonomy":"product_brand","embeddable":true,"href":"https:\/\/todocarritos.com\/pt\/wp-json\/wp\/v2\/product_brand?post=4596"},{"taxonomy":"product_cat","embeddable":true,"href":"https:\/\/todocarritos.com\/pt\/wp-json\/wp\/v2\/product_cat?post=4596"}],"curies":[{"name":"wp","href":"https:\/\/api.w.org\/{rel}","templated":true}]}}