{"id":4593,"date":"2025-08-06T10:36:03","date_gmt":"2025-08-06T08:36:03","guid":{"rendered":"https:\/\/todocarritos.com\/carrinho-de-cocktail-essencial"},"modified":"2025-09-26T13:13:43","modified_gmt":"2025-09-26T11:13:43","slug":"carrinho-de-cocktail-essencial","status":"publish","type":"product","link":"https:\/\/todocarritos.com\/pt\/carrinho-de-cocktail-essencial","title":{"rendered":"Carrinho de cocktail essencial"},"content":{"rendered":"","protected":false},"excerpt":{"rendered":"\n<p><strong>Come\u00e7a a servir cocktails onde quiseres, sem complica\u00e7\u00f5es.<\/strong> O Essential Cocktail Trolley oferece os elementos essenciais para montar um bar m\u00f3vel funcional: <strong>cobertura de cor padr\u00e3o<\/strong>, <strong>balc\u00e3o branco ou em a\u00e7o inoxid\u00e1vel<\/strong> e <strong>4 rodas girat\u00f3rias com trav\u00f5es<\/strong> para se deslocar com seguran\u00e7a em eventos, feiras e esplanadas.<\/p>\n","protected":false},"featured_media":4594,"comment_status":"open","ping_status":"closed","template":"","meta":{"_acf_changed":false},"product_brand":[],"product_cat":[400,387,394,395,389,398,390],"class_list":{"0":"post-4593","1":"product","2":"type-product","3":"status-publish","4":"has-post-thumbnail","6":"product_cat-carrinho-de-cocktail","7":"product_cat-carrinhos-de-bebidas","8":"product_cat-carrinhos-de-casamento","9":"product_cat-carrinhos-de-catering","10":"product_cat-carrinhos-de-feira","11":"product_cat-carrinhos-de-negocios","12":"product_cat-carrinhos-para-eventos","14":"first","15":"instock","16":"taxable","17":"shipping-taxable","18":"product-type-simple"},"acf":[],"_links":{"self":[{"href":"https:\/\/todocarritos.com\/pt\/wp-json\/wp\/v2\/product\/4593","targetHints":{"allow":["GET"]}}],"collection":[{"href":"https:\/\/todocarritos.com\/pt\/wp-json\/wp\/v2\/product"}],"about":[{"href":"https:\/\/todocarritos.com\/pt\/wp-json\/wp\/v2\/types\/product"}],"replies":[{"embeddable":true,"href":"https:\/\/todocarritos.com\/pt\/wp-json\/wp\/v2\/comments?post=4593"}],"wp:featuredmedia":[{"embeddable":true,"href":"https:\/\/todocarritos.com\/pt\/wp-json\/wp\/v2\/media\/4594"}],"wp:attachment":[{"href":"https:\/\/todocarritos.com\/pt\/wp-json\/wp\/v2\/media?parent=4593"}],"wp:term":[{"taxonomy":"product_brand","embeddable":true,"href":"https:\/\/todocarritos.com\/pt\/wp-json\/wp\/v2\/product_brand?post=4593"},{"taxonomy":"product_cat","embeddable":true,"href":"https:\/\/todocarritos.com\/pt\/wp-json\/wp\/v2\/product_cat?post=4593"}],"curies":[{"name":"wp","href":"https:\/\/api.w.org\/{rel}","templated":true}]}}