{"id":4581,"date":"2025-08-06T10:39:15","date_gmt":"2025-08-06T08:39:15","guid":{"rendered":"https:\/\/todocarritos.com\/carrinho-de-bebidas-premium"},"modified":"2025-09-26T13:13:42","modified_gmt":"2025-09-26T11:13:42","slug":"carrinho-de-bebidas-premium","status":"publish","type":"product","link":"https:\/\/todocarritos.com\/pt\/carrinho-de-bebidas-premium","title":{"rendered":"Carrinho de bebidas Premium"},"content":{"rendered":"","protected":false},"excerpt":{"rendered":"\n<p><strong>O Premium Slush Trolley<\/strong> \u00e9 a ferramenta perfeita para vender sumos frescos e deliciosos em qualquer evento, feira comercial ou ponto de venda m\u00f3vel. Com uma <strong>cobertura colorida padr\u00e3o<\/strong>, <strong>balc\u00e3o branco ou em a\u00e7o inoxid\u00e1vel<\/strong> e <strong>sinaliza\u00e7\u00e3o personalizada na parte da frente<\/strong>, combina um design atraente, resist\u00eancia e funcionalidade para maximizar as suas vendas. <\/p>\n","protected":false},"featured_media":4582,"comment_status":"open","ping_status":"closed","template":"","meta":{"_acf_changed":false},"product_brand":[],"product_cat":[393,387,394,395,396,389,397,398,399,390],"class_list":{"0":"post-4581","1":"product","2":"type-product","3":"status-publish","4":"has-post-thumbnail","6":"product_cat-carrinhos-de-aniversario","7":"product_cat-carrinhos-de-bebidas","8":"product_cat-carrinhos-de-casamento","9":"product_cat-carrinhos-de-catering","10":"product_cat-carrinhos-de-comunhao","11":"product_cat-carrinhos-de-feira","12":"product_cat-carrinhos-de-festa-para-criancas","13":"product_cat-carrinhos-de-negocios","14":"product_cat-carrinhos-de-recolha-de-neve","15":"product_cat-carrinhos-para-eventos","17":"first","18":"instock","19":"taxable","20":"shipping-taxable","21":"product-type-simple"},"acf":[],"_links":{"self":[{"href":"https:\/\/todocarritos.com\/pt\/wp-json\/wp\/v2\/product\/4581","targetHints":{"allow":["GET"]}}],"collection":[{"href":"https:\/\/todocarritos.com\/pt\/wp-json\/wp\/v2\/product"}],"about":[{"href":"https:\/\/todocarritos.com\/pt\/wp-json\/wp\/v2\/types\/product"}],"replies":[{"embeddable":true,"href":"https:\/\/todocarritos.com\/pt\/wp-json\/wp\/v2\/comments?post=4581"}],"wp:featuredmedia":[{"embeddable":true,"href":"https:\/\/todocarritos.com\/pt\/wp-json\/wp\/v2\/media\/4582"}],"wp:attachment":[{"href":"https:\/\/todocarritos.com\/pt\/wp-json\/wp\/v2\/media?parent=4581"}],"wp:term":[{"taxonomy":"product_brand","embeddable":true,"href":"https:\/\/todocarritos.com\/pt\/wp-json\/wp\/v2\/product_brand?post=4581"},{"taxonomy":"product_cat","embeddable":true,"href":"https:\/\/todocarritos.com\/pt\/wp-json\/wp\/v2\/product_cat?post=4581"}],"curies":[{"name":"wp","href":"https:\/\/api.w.org\/{rel}","templated":true}]}}