{"id":4578,"date":"2025-08-06T10:39:38","date_gmt":"2025-08-06T08:39:38","guid":{"rendered":"https:\/\/todocarritos.com\/carrinho-de-sumo-essencial"},"modified":"2025-09-26T13:13:41","modified_gmt":"2025-09-26T11:13:41","slug":"carrinho-de-sumo-essencial","status":"publish","type":"product","link":"https:\/\/todocarritos.com\/pt\/carrinho-de-sumo-essencial","title":{"rendered":"Carrinho de sumo essencial"},"content":{"rendered":"","protected":false},"excerpt":{"rendered":"\n<p><strong>O Essential Juice Trolley<\/strong> \u00e9 a op\u00e7\u00e3o mais econ\u00f3mica e funcional para vender sumos frescos de forma eficiente. Equipado com uma <strong>cobertura de cor standard<\/strong> e um <strong>balc\u00e3o branco ou em a\u00e7o inoxid\u00e1vel<\/strong>, este carrinho \u00e9 ideal para quem procura qualidade sem complica\u00e7\u00f5es. Com uma excelente mobilidade e estabilidade, \u00e9 perfeito para eventos, feiras e pontos de venda tempor\u00e1rios.  <\/p>\n","protected":false},"featured_media":4579,"comment_status":"open","ping_status":"closed","template":"","meta":{"_acf_changed":false},"product_brand":[],"product_cat":[392,387,389,390],"class_list":{"0":"post-4578","1":"product","2":"type-product","3":"status-publish","4":"has-post-thumbnail","6":"product_cat-carrinho-de-sumo","7":"product_cat-carrinhos-de-bebidas","8":"product_cat-carrinhos-de-feira","9":"product_cat-carrinhos-para-eventos","11":"first","12":"instock","13":"taxable","14":"shipping-taxable","15":"product-type-simple"},"acf":[],"_links":{"self":[{"href":"https:\/\/todocarritos.com\/pt\/wp-json\/wp\/v2\/product\/4578","targetHints":{"allow":["GET"]}}],"collection":[{"href":"https:\/\/todocarritos.com\/pt\/wp-json\/wp\/v2\/product"}],"about":[{"href":"https:\/\/todocarritos.com\/pt\/wp-json\/wp\/v2\/types\/product"}],"replies":[{"embeddable":true,"href":"https:\/\/todocarritos.com\/pt\/wp-json\/wp\/v2\/comments?post=4578"}],"wp:featuredmedia":[{"embeddable":true,"href":"https:\/\/todocarritos.com\/pt\/wp-json\/wp\/v2\/media\/4579"}],"wp:attachment":[{"href":"https:\/\/todocarritos.com\/pt\/wp-json\/wp\/v2\/media?parent=4578"}],"wp:term":[{"taxonomy":"product_brand","embeddable":true,"href":"https:\/\/todocarritos.com\/pt\/wp-json\/wp\/v2\/product_brand?post=4578"},{"taxonomy":"product_cat","embeddable":true,"href":"https:\/\/todocarritos.com\/pt\/wp-json\/wp\/v2\/product_cat?post=4578"}],"curies":[{"name":"wp","href":"https:\/\/api.w.org\/{rel}","templated":true}]}}