{"id":4575,"date":"2025-08-06T10:41:16","date_gmt":"2025-08-06T08:41:16","guid":{"rendered":"https:\/\/todocarritos.com\/carrinho-de-sumos-premium"},"modified":"2025-09-26T13:13:41","modified_gmt":"2025-09-26T11:13:41","slug":"carrinho-de-sumos-premium","status":"publish","type":"product","link":"https:\/\/todocarritos.com\/pt\/carrinho-de-sumos-premium","title":{"rendered":"Carrinho de sumos Premium"},"content":{"rendered":"","protected":false},"excerpt":{"rendered":"\n<p><strong>O carrinho de sumos Premium<\/strong> \u00e9 a solu\u00e7\u00e3o perfeita para vender sumos frescos e naturais com estilo e efici\u00eancia. Com uma <strong>cobertura colorida padr\u00e3o<\/strong>, um <strong>balc\u00e3o branco ou em a\u00e7o inoxid\u00e1vel<\/strong> e <strong>sinaliza\u00e7\u00e3o personalizada na frente<\/strong>, este carrinho oferece-lhe visibilidade e elevada funcionalidade para eventos, feiras comerciais e pontos de venda m\u00f3veis. <\/p>\n","protected":false},"featured_media":4576,"comment_status":"open","ping_status":"closed","template":"","meta":{"_acf_changed":false},"product_brand":[],"product_cat":[392,387,389,390],"class_list":{"0":"post-4575","1":"product","2":"type-product","3":"status-publish","4":"has-post-thumbnail","6":"product_cat-carrinho-de-sumo","7":"product_cat-carrinhos-de-bebidas","8":"product_cat-carrinhos-de-feira","9":"product_cat-carrinhos-para-eventos","11":"first","12":"instock","13":"taxable","14":"shipping-taxable","15":"product-type-simple"},"acf":[],"_links":{"self":[{"href":"https:\/\/todocarritos.com\/pt\/wp-json\/wp\/v2\/product\/4575","targetHints":{"allow":["GET"]}}],"collection":[{"href":"https:\/\/todocarritos.com\/pt\/wp-json\/wp\/v2\/product"}],"about":[{"href":"https:\/\/todocarritos.com\/pt\/wp-json\/wp\/v2\/types\/product"}],"replies":[{"embeddable":true,"href":"https:\/\/todocarritos.com\/pt\/wp-json\/wp\/v2\/comments?post=4575"}],"wp:featuredmedia":[{"embeddable":true,"href":"https:\/\/todocarritos.com\/pt\/wp-json\/wp\/v2\/media\/4576"}],"wp:attachment":[{"href":"https:\/\/todocarritos.com\/pt\/wp-json\/wp\/v2\/media?parent=4575"}],"wp:term":[{"taxonomy":"product_brand","embeddable":true,"href":"https:\/\/todocarritos.com\/pt\/wp-json\/wp\/v2\/product_brand?post=4575"},{"taxonomy":"product_cat","embeddable":true,"href":"https:\/\/todocarritos.com\/pt\/wp-json\/wp\/v2\/product_cat?post=4575"}],"curies":[{"name":"wp","href":"https:\/\/api.w.org\/{rel}","templated":true}]}}