{"id":4568,"date":"2025-08-06T10:41:52","date_gmt":"2025-08-06T08:41:52","guid":{"rendered":"https:\/\/todocarritos.com\/carrinho-isolado-essential"},"modified":"2025-09-26T13:13:41","modified_gmt":"2025-09-26T11:13:41","slug":"carrinho-isolado-essential","status":"publish","type":"product","link":"https:\/\/todocarritos.com\/pt\/carrinho-isolado-essential","title":{"rendered":"Carrinho isolado Essential"},"content":{"rendered":"","protected":false},"excerpt":{"rendered":"\n<p><strong>O Essential Isothermal Trolley<\/strong> \u00e9 uma op\u00e7\u00e3o pr\u00e1tica e econ\u00f3mica para quem precisa de um carrinho de qualidade para manter os produtos \u00e0 temperatura ideal. Com uma <strong>cobertura colorida padr\u00e3o<\/strong> e um <strong>balc\u00e3o branco ou em a\u00e7o inoxid\u00e1vel<\/strong>, este carrinho \u00e9 perfeito para eventos, feiras comerciais ou lojas de retalho m\u00f3veis, onde a efici\u00eancia e a funcionalidade s\u00e3o necess\u00e1rias sem complica\u00e7\u00f5es. <\/p>\n","protected":false},"featured_media":4569,"comment_status":"open","ping_status":"closed","template":"","meta":{"_acf_changed":false},"product_brand":[],"product_cat":[387,389,391,390],"class_list":{"0":"post-4568","1":"product","2":"type-product","3":"status-publish","4":"has-post-thumbnail","6":"product_cat-carrinhos-de-bebidas","7":"product_cat-carrinhos-de-feira","8":"product_cat-carrinhos-isotermicos","9":"product_cat-carrinhos-para-eventos","11":"first","12":"instock","13":"taxable","14":"shipping-taxable","15":"product-type-simple"},"acf":[],"_links":{"self":[{"href":"https:\/\/todocarritos.com\/pt\/wp-json\/wp\/v2\/product\/4568","targetHints":{"allow":["GET"]}}],"collection":[{"href":"https:\/\/todocarritos.com\/pt\/wp-json\/wp\/v2\/product"}],"about":[{"href":"https:\/\/todocarritos.com\/pt\/wp-json\/wp\/v2\/types\/product"}],"replies":[{"embeddable":true,"href":"https:\/\/todocarritos.com\/pt\/wp-json\/wp\/v2\/comments?post=4568"}],"wp:featuredmedia":[{"embeddable":true,"href":"https:\/\/todocarritos.com\/pt\/wp-json\/wp\/v2\/media\/4569"}],"wp:attachment":[{"href":"https:\/\/todocarritos.com\/pt\/wp-json\/wp\/v2\/media?parent=4568"}],"wp:term":[{"taxonomy":"product_brand","embeddable":true,"href":"https:\/\/todocarritos.com\/pt\/wp-json\/wp\/v2\/product_brand?post=4568"},{"taxonomy":"product_cat","embeddable":true,"href":"https:\/\/todocarritos.com\/pt\/wp-json\/wp\/v2\/product_cat?post=4568"}],"curies":[{"name":"wp","href":"https:\/\/api.w.org\/{rel}","templated":true}]}}