{"id":4565,"date":"2025-08-06T10:42:25","date_gmt":"2025-08-06T08:42:25","guid":{"rendered":"https:\/\/todocarritos.com\/trolley-com-isolamento-premium"},"modified":"2025-09-26T13:13:40","modified_gmt":"2025-09-26T11:13:40","slug":"trolley-com-isolamento-premium","status":"publish","type":"product","link":"https:\/\/todocarritos.com\/pt\/trolley-com-isolamento-premium","title":{"rendered":"Trolley com isolamento Premium"},"content":{"rendered":"","protected":false},"excerpt":{"rendered":"\n<p><strong>O carrinho isot\u00e9rmico Premium<\/strong> \u00e9 a escolha ideal para quem procura manter os seus produtos \u00e0 temperatura perfeita enquanto oferece um servi\u00e7o profissional. Com uma <strong>cobertura colorida padr\u00e3o<\/strong> e um <strong>balc\u00e3o branco ou em a\u00e7o inoxid\u00e1vel<\/strong>, este carrinho \u00e9 perfeito para eventos, feiras comerciais e pontos de venda m\u00f3veis que exigem um elevado desempenho. <\/p>\n","protected":false},"featured_media":4566,"comment_status":"open","ping_status":"closed","template":"","meta":{"_acf_changed":false},"product_brand":[],"product_cat":[387,389,391,390],"class_list":{"0":"post-4565","1":"product","2":"type-product","3":"status-publish","4":"has-post-thumbnail","6":"product_cat-carrinhos-de-bebidas","7":"product_cat-carrinhos-de-feira","8":"product_cat-carrinhos-isotermicos","9":"product_cat-carrinhos-para-eventos","11":"first","12":"instock","13":"taxable","14":"shipping-taxable","15":"product-type-simple"},"acf":[],"_links":{"self":[{"href":"https:\/\/todocarritos.com\/pt\/wp-json\/wp\/v2\/product\/4565","targetHints":{"allow":["GET"]}}],"collection":[{"href":"https:\/\/todocarritos.com\/pt\/wp-json\/wp\/v2\/product"}],"about":[{"href":"https:\/\/todocarritos.com\/pt\/wp-json\/wp\/v2\/types\/product"}],"replies":[{"embeddable":true,"href":"https:\/\/todocarritos.com\/pt\/wp-json\/wp\/v2\/comments?post=4565"}],"wp:featuredmedia":[{"embeddable":true,"href":"https:\/\/todocarritos.com\/pt\/wp-json\/wp\/v2\/media\/4566"}],"wp:attachment":[{"href":"https:\/\/todocarritos.com\/pt\/wp-json\/wp\/v2\/media?parent=4565"}],"wp:term":[{"taxonomy":"product_brand","embeddable":true,"href":"https:\/\/todocarritos.com\/pt\/wp-json\/wp\/v2\/product_brand?post=4565"},{"taxonomy":"product_cat","embeddable":true,"href":"https:\/\/todocarritos.com\/pt\/wp-json\/wp\/v2\/product_cat?post=4565"}],"curies":[{"name":"wp","href":"https:\/\/api.w.org\/{rel}","templated":true}]}}