{"id":4522,"date":"2025-08-06T10:42:45","date_gmt":"2025-08-06T08:42:45","guid":{"rendered":"https:\/\/todocarritos.com\/trolley-isolado-de-luxo"},"modified":"2025-09-26T13:13:40","modified_gmt":"2025-09-26T11:13:40","slug":"trolley-isolado-de-luxo","status":"publish","type":"product","link":"https:\/\/todocarritos.com\/pt\/trolley-isolado-de-luxo","title":{"rendered":"Trolley isolado de luxo"},"content":{"rendered":"","protected":false},"excerpt":{"rendered":"\n<p><strong>O Deluxe Isothermal Trolley<\/strong> \u00e9 a solu\u00e7\u00e3o perfeita para manter os teus produtos frescos durante o servi\u00e7o. Com uma <strong>cobertura de cor especial<\/strong>, um <strong>balc\u00e3o branco ou em a\u00e7o inoxid\u00e1vel<\/strong> e rod\u00edzios de alta qualidade, este carrinho oferece resist\u00eancia, estilo e praticidade. Ideal para empresas de alimenta\u00e7\u00e3o e bebidas em eventos, feiras comerciais ou em desloca\u00e7\u00e3o.<\/p>\n","protected":false},"featured_media":4523,"comment_status":"open","ping_status":"closed","template":"","meta":{"_acf_changed":false},"product_brand":[],"product_cat":[387,389,391,390],"class_list":{"0":"post-4522","1":"product","2":"type-product","3":"status-publish","4":"has-post-thumbnail","6":"product_cat-carrinhos-de-bebidas","7":"product_cat-carrinhos-de-feira","8":"product_cat-carrinhos-isotermicos","9":"product_cat-carrinhos-para-eventos","11":"first","12":"instock","13":"taxable","14":"shipping-taxable","15":"product-type-simple"},"acf":[],"_links":{"self":[{"href":"https:\/\/todocarritos.com\/pt\/wp-json\/wp\/v2\/product\/4522","targetHints":{"allow":["GET"]}}],"collection":[{"href":"https:\/\/todocarritos.com\/pt\/wp-json\/wp\/v2\/product"}],"about":[{"href":"https:\/\/todocarritos.com\/pt\/wp-json\/wp\/v2\/types\/product"}],"replies":[{"embeddable":true,"href":"https:\/\/todocarritos.com\/pt\/wp-json\/wp\/v2\/comments?post=4522"}],"wp:featuredmedia":[{"embeddable":true,"href":"https:\/\/todocarritos.com\/pt\/wp-json\/wp\/v2\/media\/4523"}],"wp:attachment":[{"href":"https:\/\/todocarritos.com\/pt\/wp-json\/wp\/v2\/media?parent=4522"}],"wp:term":[{"taxonomy":"product_brand","embeddable":true,"href":"https:\/\/todocarritos.com\/pt\/wp-json\/wp\/v2\/product_brand?post=4522"},{"taxonomy":"product_cat","embeddable":true,"href":"https:\/\/todocarritos.com\/pt\/wp-json\/wp\/v2\/product_cat?post=4522"}],"curies":[{"name":"wp","href":"https:\/\/api.w.org\/{rel}","templated":true}]}}