{"id":4518,"date":"2025-08-06T10:45:14","date_gmt":"2025-08-06T08:45:14","guid":{"rendered":"https:\/\/todocarritos.com\/carrinho-de-cafe-essencial"},"modified":"2025-09-26T13:13:40","modified_gmt":"2025-09-26T11:13:40","slug":"carrinho-de-cafe-essencial","status":"publish","type":"product","link":"https:\/\/todocarritos.com\/pt\/carrinho-de-cafe-essencial","title":{"rendered":"Carrinho de caf\u00e9 essencial"},"content":{"rendered":"","protected":false},"excerpt":{"rendered":"<p><strong>O Essential Coffee Trolley<\/strong> \u00e9 a escolha perfeita para quem procura funcionalidade a um pre\u00e7o acess\u00edvel. Com uma <strong>cobertura colorida padr\u00e3o<\/strong> e um <strong>balc\u00e3o branco ou em a\u00e7o inoxid\u00e1vel<\/strong>, este carrinho foi concebido para fornecer um servi\u00e7o de qualidade em eventos e caf\u00e9s m\u00f3veis sem complica\u00e7\u00f5es. Ideal para quem precisa de um carrinho robusto e f\u00e1cil de deslocar.  <\/p>\n<p>*Os acess\u00f3rios n\u00e3o est\u00e3o inclu\u00eddos.<\/p>\n","protected":false},"featured_media":4519,"comment_status":"open","ping_status":"closed","template":"","meta":{"_acf_changed":false},"product_brand":[],"product_cat":[387,388,389,390],"class_list":{"0":"post-4518","1":"product","2":"type-product","3":"status-publish","4":"has-post-thumbnail","6":"product_cat-carrinhos-de-bebidas","7":"product_cat-carrinhos-de-cafe","8":"product_cat-carrinhos-de-feira","9":"product_cat-carrinhos-para-eventos","11":"first","12":"instock","13":"taxable","14":"shipping-taxable","15":"product-type-simple"},"acf":[],"_links":{"self":[{"href":"https:\/\/todocarritos.com\/pt\/wp-json\/wp\/v2\/product\/4518","targetHints":{"allow":["GET"]}}],"collection":[{"href":"https:\/\/todocarritos.com\/pt\/wp-json\/wp\/v2\/product"}],"about":[{"href":"https:\/\/todocarritos.com\/pt\/wp-json\/wp\/v2\/types\/product"}],"replies":[{"embeddable":true,"href":"https:\/\/todocarritos.com\/pt\/wp-json\/wp\/v2\/comments?post=4518"}],"wp:featuredmedia":[{"embeddable":true,"href":"https:\/\/todocarritos.com\/pt\/wp-json\/wp\/v2\/media\/4519"}],"wp:attachment":[{"href":"https:\/\/todocarritos.com\/pt\/wp-json\/wp\/v2\/media?parent=4518"}],"wp:term":[{"taxonomy":"product_brand","embeddable":true,"href":"https:\/\/todocarritos.com\/pt\/wp-json\/wp\/v2\/product_brand?post=4518"},{"taxonomy":"product_cat","embeddable":true,"href":"https:\/\/todocarritos.com\/pt\/wp-json\/wp\/v2\/product_cat?post=4518"}],"curies":[{"name":"wp","href":"https:\/\/api.w.org\/{rel}","templated":true}]}}